{"id":71,"date":"2015-09-30T06:54:27","date_gmt":"2015-09-30T06:54:27","guid":{"rendered":"https:\/\/trial-alulamellen.de\/?page_id=71"},"modified":"2023-02-16T14:24:09","modified_gmt":"2023-02-16T14:24:09","slug":"typ-r","status":"publish","type":"page","link":"https:\/\/trial-alulamellen.de\/?page_id=71","title":{"rendered":"TYP R"},"content":{"rendered":"<p>[et_pb_section fb_built=&#8220;1&#8243; admin_label=&#8220;section&#8220; _builder_version=&#8220;4.7.7&#8243; custom_margin=&#8220;0px|0px|0px|0px|true|true&#8220; custom_padding=&#8220;0px|0px|0px|0px|true|true&#8220;][et_pb_row admin_label=&#8220;row&#8220; _builder_version=&#8220;4.7.7&#8243; background_size=&#8220;initial&#8220; background_position=&#8220;top_left&#8220; background_repeat=&#8220;repeat&#8220; width=&#8220;100%&#8220; custom_margin=&#8220;0px|0px|0px|0px|true|true&#8220; custom_padding=&#8220;30px|20px|30px|20px|true|true&#8220;][et_pb_column type=&#8220;4_4&#8243; _builder_version=&#8220;3.25&#8243; custom_padding=&#8220;|||&#8220; custom_padding__hover=&#8220;|||&#8220;][et_pb_text _builder_version=&#8220;4.7.7&#8243; _module_preset=&#8220;default&#8220;]<\/p>\n<h1>TYP R<\/h1>\n<p>[\/et_pb_text][\/et_pb_column][\/et_pb_row][et_pb_row admin_label=&#8220;row&#8220; _builder_version=&#8220;4.7.7&#8243; background_size=&#8220;initial&#8220; background_position=&#8220;top_left&#8220; background_repeat=&#8220;repeat&#8220; width=&#8220;100%&#8220; custom_margin=&#8220;0px|0px|0px|0px|true|true&#8220; custom_padding=&#8220;0px|20px|0px|20px|true|true&#8220;][et_pb_column type=&#8220;4_4&#8243; _builder_version=&#8220;3.25&#8243; custom_padding=&#8220;|||&#8220; custom_padding__hover=&#8220;|||&#8220;][et_pb_text admin_label=&#8220;Text&#8220; _builder_version=&#8220;3.27.4&#8243; background_size=&#8220;initial&#8220; background_position=&#8220;top_left&#8220; background_repeat=&#8220;repeat&#8220;]<\/p>\n<div id=\"attachment_183\" style=\"width: 210px\" class=\"wp-caption alignright\"><img loading=\"lazy\" decoding=\"async\" aria-describedby=\"caption-attachment-183\" class=\"wp-image-183\" src=\"https:\/\/trial-alulamellen.de\/wp-content\/uploads\/2016\/04\/alu-lamellen-rahmen-rk-236x300.png\" alt=\"alu-lamellen-rahmen-rk\" width=\"200\" height=\"254\" srcset=\"https:\/\/trial-alulamellen.de\/wp-content\/uploads\/2016\/04\/alu-lamellen-rahmen-rk-236x300.png 236w, https:\/\/trial-alulamellen.de\/wp-content\/uploads\/2016\/04\/alu-lamellen-rahmen-rk.png 400w\" sizes=\"auto, (max-width: 200px) 100vw, 200px\" \/><p id=\"caption-attachment-183\" class=\"wp-caption-text\">Typ R<\/p><\/div>\n<p>Die rahmenlose Ausf\u00fchrung des Lamellengitters mit Lamellenteilungen von 45, 60, 75 oder 125 mm kann wiederum in verschiedenen Varianten in Mauerleibungen erfolgen. Die reine Lamellenoptik erlaubt zudem die attraktive Verkleidung und damit Aufwertung unansehnlicher oder langweiliger Fassaden.<\/p>\n<p>Dabei kann das Gitter als reines optisches Gestaltungselement, aber auch gleichzeitig als L\u00fcftungsgitter fungieren. Selbst an den Eckst\u00f6\u00dfen st\u00f6ren keine sichtbaren Montage- oder Befestigungselemente die makellose Optik. Weiterhin k\u00f6nnen aufgrund des konstruktiven Aufbaus Lamellen ausgelassen und sogar die verschiedenen Teilungen miteinander kombiniert werden.<\/p>\n<p>&nbsp;<\/p>\n\n\t\t<style type=\"text\/css\">\n\t\t\t#gallery-1 {\n\t\t\t\tmargin: auto;\n\t\t\t}\n\t\t\t#gallery-1 .gallery-item {\n\t\t\t\tfloat: left;\n\t\t\t\tmargin-top: 10px;\n\t\t\t\ttext-align: center;\n\t\t\t\twidth: 25%;\n\t\t\t}\n\t\t\t#gallery-1 img {\n\t\t\t\tborder: 2px solid #cfcfcf;\n\t\t\t}\n\t\t\t#gallery-1 .gallery-caption {\n\t\t\t\tmargin-left: 0;\n\t\t\t}\n\t\t\t\/* see gallery_shortcode() in wp-includes\/media.php *\/\n\t\t<\/style>\n\t\t<div id='gallery-1' class='gallery galleryid-71 gallery-columns-4 gallery-size-thumbnail'><dl class='gallery-item'>\n\t\t\t<dt class='gallery-icon landscape'>\n\t\t\t\t<a href='https:\/\/trial-alulamellen.de\/wp-content\/uploads\/2016\/04\/R75-75-VI_3D.jpg'><img loading=\"lazy\" decoding=\"async\" width=\"150\" height=\"150\" src=\"https:\/\/trial-alulamellen.de\/wp-content\/uploads\/2016\/04\/R75-75-VI_3D-150x150.jpg\" class=\"attachment-thumbnail size-thumbnail\" alt=\"\" aria-describedby=\"gallery-1-117\" srcset=\"https:\/\/trial-alulamellen.de\/wp-content\/uploads\/2016\/04\/R75-75-VI_3D-150x150.jpg 150w, https:\/\/trial-alulamellen.de\/wp-content\/uploads\/2016\/04\/R75-75-VI_3D-230x230.jpg 230w, https:\/\/trial-alulamellen.de\/wp-content\/uploads\/2016\/04\/R75-75-VI_3D-365x365.jpg 365w\" sizes=\"auto, (max-width: 150px) 100vw, 150px\" \/><\/a>\n\t\t\t<\/dt>\n\t\t\t\t<dd class='wp-caption-text gallery-caption' id='gallery-1-117'>\n\t\t\t\tTyp R\n\t\t\t\t<\/dd><\/dl><dl class='gallery-item'>\n\t\t\t<dt class='gallery-icon landscape'>\n\t\t\t\t<a href='https:\/\/trial-alulamellen.de\/wp-content\/uploads\/2016\/04\/R7510-25-75-X_detail.jpg'><img loading=\"lazy\" decoding=\"async\" width=\"150\" height=\"150\" src=\"https:\/\/trial-alulamellen.de\/wp-content\/uploads\/2016\/04\/R7510-25-75-X_detail-150x150.jpg\" class=\"attachment-thumbnail size-thumbnail\" alt=\"\" srcset=\"https:\/\/trial-alulamellen.de\/wp-content\/uploads\/2016\/04\/R7510-25-75-X_detail-150x150.jpg 150w, https:\/\/trial-alulamellen.de\/wp-content\/uploads\/2016\/04\/R7510-25-75-X_detail-230x230.jpg 230w, https:\/\/trial-alulamellen.de\/wp-content\/uploads\/2016\/04\/R7510-25-75-X_detail-365x365.jpg 365w\" sizes=\"auto, (max-width: 150px) 100vw, 150px\" \/><\/a>\n\t\t\t<\/dt><\/dl><dl class='gallery-item'>\n\t\t\t<dt class='gallery-icon landscape'>\n\t\t\t\t<a href='https:\/\/trial-alulamellen.de\/wp-content\/uploads\/2016\/04\/R75-75-VI.jpg'><img loading=\"lazy\" decoding=\"async\" width=\"150\" height=\"150\" src=\"https:\/\/trial-alulamellen.de\/wp-content\/uploads\/2016\/04\/R75-75-VI-150x150.jpg\" class=\"attachment-thumbnail size-thumbnail\" alt=\"\" aria-describedby=\"gallery-1-116\" srcset=\"https:\/\/trial-alulamellen.de\/wp-content\/uploads\/2016\/04\/R75-75-VI-150x150.jpg 150w, https:\/\/trial-alulamellen.de\/wp-content\/uploads\/2016\/04\/R75-75-VI-230x230.jpg 230w, https:\/\/trial-alulamellen.de\/wp-content\/uploads\/2016\/04\/R75-75-VI-365x365.jpg 365w\" sizes=\"auto, (max-width: 150px) 100vw, 150px\" \/><\/a>\n\t\t\t<\/dt>\n\t\t\t\t<dd class='wp-caption-text gallery-caption' id='gallery-1-116'>\n\t\t\t\tAnsicht 1\n\t\t\t\t<\/dd><\/dl><dl class='gallery-item'>\n\t\t\t<dt class='gallery-icon landscape'>\n\t\t\t\t<a href='https:\/\/trial-alulamellen.de\/wp-content\/uploads\/2016\/04\/R75-75-VI_detail.jpg'><img loading=\"lazy\" decoding=\"async\" width=\"150\" height=\"150\" src=\"https:\/\/trial-alulamellen.de\/wp-content\/uploads\/2016\/04\/R75-75-VI_detail-150x150.jpg\" class=\"attachment-thumbnail size-thumbnail\" alt=\"\" aria-describedby=\"gallery-1-118\" srcset=\"https:\/\/trial-alulamellen.de\/wp-content\/uploads\/2016\/04\/R75-75-VI_detail-150x150.jpg 150w, https:\/\/trial-alulamellen.de\/wp-content\/uploads\/2016\/04\/R75-75-VI_detail-230x230.jpg 230w\" sizes=\"auto, (max-width: 150px) 100vw, 150px\" \/><\/a>\n\t\t\t<\/dt>\n\t\t\t\t<dd class='wp-caption-text gallery-caption' id='gallery-1-118'>\n\t\t\t\tVogel- \/ Insektenschutz\n\t\t\t\t<\/dd><\/dl><br style=\"clear: both\" \/>\n\t\t<\/div>\n\n<p>&nbsp;<\/p>\n<p>[\/et_pb_text][\/et_pb_column][\/et_pb_row][\/et_pb_section]<\/p>\n","protected":false},"excerpt":{"rendered":"<p>[et_pb_section fb_built=&#8220;1&#8243; admin_label=&#8220;section&#8220; _builder_version=&#8220;4.7.7&#8243; custom_margin=&#8220;0px|0px|0px|0px|true|true&#8220; custom_padding=&#8220;0px|0px|0px|0px|true|true&#8220;][et_pb_row admin_label=&#8220;row&#8220; _builder_version=&#8220;4.7.7&#8243; background_size=&#8220;initial&#8220; background_position=&#8220;top_left&#8220; background_repeat=&#8220;repeat&#8220; width=&#8220;100%&#8220; custom_margin=&#8220;0px|0px|0px|0px|true|true&#8220; custom_padding=&#8220;30px|20px|30px|20px|true|true&#8220;][et_pb_column type=&#8220;4_4&#8243; _builder_version=&#8220;3.25&#8243; custom_padding=&#8220;|||&#8220; custom_padding__hover=&#8220;|||&#8220;][et_pb_text _builder_version=&#8220;4.7.7&#8243; _module_preset=&#8220;default&#8220;] TYP R [\/et_pb_text][\/et_pb_column][\/et_pb_row][et_pb_row admin_label=&#8220;row&#8220; _builder_version=&#8220;4.7.7&#8243; background_size=&#8220;initial&#8220; background_position=&#8220;top_left&#8220; background_repeat=&#8220;repeat&#8220; width=&#8220;100%&#8220; custom_margin=&#8220;0px|0px|0px|0px|true|true&#8220; custom_padding=&#8220;0px|20px|0px|20px|true|true&#8220;][et_pb_column type=&#8220;4_4&#8243; _builder_version=&#8220;3.25&#8243; custom_padding=&#8220;|||&#8220; custom_padding__hover=&#8220;|||&#8220;][et_pb_text admin_label=&#8220;Text&#8220; _builder_version=&#8220;3.27.4&#8243; background_size=&#8220;initial&#8220; background_position=&#8220;top_left&#8220; background_repeat=&#8220;repeat&#8220;] Die rahmenlose Ausf\u00fchrung des Lamellengitters mit Lamellenteilungen von 45, 60, 75 oder 125 mm kann [&hellip;]<\/p>\n","protected":false},"author":2,"featured_media":0,"parent":12,"menu_order":30,"comment_status":"closed","ping_status":"closed","template":"","meta":{"_et_pb_use_builder":"on","_et_pb_old_content":"[caption id=\"attachment_183\" align=\"alignright\" width=\"200\"]<img class=\"wp-image-183\" src=\"https:\/\/trial-alulamellen.de\/wp-content\/uploads\/2016\/04\/alu-lamellen-rahmen-rk-236x300.png\" alt=\"alu-lamellen-rahmen-rk\" width=\"200\" height=\"254\" \/> Typ R[\/caption]\r\n<h1>TYP R<\/h1>\r\nDie rahmenlose Ausf\u00fchrung des Lamellengitters mit Lamellenteilungen von 45, 60, 75 oder 125 mm kann wiederum in verschiedenen Varianten in Mauerleibungen erfolgen. Die reine Lamellenoptik erlaubt zudem die attraktive Verkleidung und damit Aufwertung unansehnlicher oder langweiliger Fassaden.\r\n\r\nDabei kann das Gitter als reines optisches Gestaltungselement, aber auch gleichzeitig als L\u00fcftungsgitter fungieren. Selbst an den Eckst\u00f6\u00dfen st\u00f6ren keine sichtbaren Montage- oder Befestigungselemente die makellose Optik. Weiterhin k\u00f6nnen aufgrund des konstruktiven Aufbaus Lamellen ausgelassen und sogar die verschiedenen Teilungen miteinander kombiniert werden.\r\n\r\n&nbsp;\r\n\r\n[gallery columns=\"4\" link=\"file\" ids=\"117,115,116,118\"]\r\n\r\n&nbsp;","_et_gb_content_width":"","ngg_post_thumbnail":0,"footnotes":""},"class_list":["post-71","page","type-page","status-publish","hentry"],"yoast_head":"<!-- This site is optimized with the Yoast SEO plugin v26.8 - https:\/\/yoast.com\/product\/yoast-seo-wordpress\/ -->\n<title>TYP R - TriAl - Alulamellensysteme \u00b7 L\u00fcftungsgitter, Wetterschutz, Sonnenschutz, Fassadengestaltung u.v.m.<\/title>\n<meta name=\"robots\" content=\"index, follow, max-snippet:-1, max-image-preview:large, max-video-preview:-1\" \/>\n<link rel=\"canonical\" href=\"https:\/\/trial-alulamellen.de\/?page_id=71\" \/>\n<meta property=\"og:locale\" content=\"de_DE\" \/>\n<meta property=\"og:type\" content=\"article\" \/>\n<meta property=\"og:title\" content=\"TYP R - TriAl - Alulamellensysteme \u00b7 L\u00fcftungsgitter, Wetterschutz, Sonnenschutz, Fassadengestaltung u.v.m.\" \/>\n<meta property=\"og:description\" content=\"[et_pb_section fb_built=&#8220;1&#8243; admin_label=&#8220;section&#8220; _builder_version=&#8220;4.7.7&#8243; custom_margin=&#8220;0px|0px|0px|0px|true|true&#8220; custom_padding=&#8220;0px|0px|0px|0px|true|true&#8220;][et_pb_row admin_label=&#8220;row&#8220; _builder_version=&#8220;4.7.7&#8243; background_size=&#8220;initial&#8220; background_position=&#8220;top_left&#8220; background_repeat=&#8220;repeat&#8220; width=&#8220;100%&#8220; custom_margin=&#8220;0px|0px|0px|0px|true|true&#8220; custom_padding=&#8220;30px|20px|30px|20px|true|true&#8220;][et_pb_column type=&#8220;4_4&#8243; _builder_version=&#8220;3.25&#8243; custom_padding=&#8220;|||&#8220; custom_padding__hover=&#8220;|||&#8220;][et_pb_text _builder_version=&#8220;4.7.7&#8243; _module_preset=&#8220;default&#8220;] TYP R [\/et_pb_text][\/et_pb_column][\/et_pb_row][et_pb_row admin_label=&#8220;row&#8220; _builder_version=&#8220;4.7.7&#8243; background_size=&#8220;initial&#8220; background_position=&#8220;top_left&#8220; background_repeat=&#8220;repeat&#8220; width=&#8220;100%&#8220; custom_margin=&#8220;0px|0px|0px|0px|true|true&#8220; custom_padding=&#8220;0px|20px|0px|20px|true|true&#8220;][et_pb_column type=&#8220;4_4&#8243; _builder_version=&#8220;3.25&#8243; custom_padding=&#8220;|||&#8220; custom_padding__hover=&#8220;|||&#8220;][et_pb_text admin_label=&#8220;Text&#8220; _builder_version=&#8220;3.27.4&#8243; background_size=&#8220;initial&#8220; background_position=&#8220;top_left&#8220; background_repeat=&#8220;repeat&#8220;] Die rahmenlose Ausf\u00fchrung des Lamellengitters mit Lamellenteilungen von 45, 60, 75 oder 125 mm kann [&hellip;]\" \/>\n<meta property=\"og:url\" content=\"https:\/\/trial-alulamellen.de\/?page_id=71\" \/>\n<meta property=\"og:site_name\" content=\"TriAl - Alulamellensysteme \u00b7 L\u00fcftungsgitter, Wetterschutz, Sonnenschutz, Fassadengestaltung u.v.m.\" \/>\n<meta property=\"article:modified_time\" content=\"2023-02-16T14:24:09+00:00\" \/>\n<meta property=\"og:image\" content=\"https:\/\/trial-alulamellen.de\/wp-content\/uploads\/2016\/04\/R75-75-VI_3D-150x150.jpg\" \/>\n<meta name=\"twitter:card\" content=\"summary_large_image\" \/>\n<meta name=\"twitter:label1\" content=\"Gesch\u00e4tzte Lesezeit\" \/>\n\t<meta name=\"twitter:data1\" content=\"1\u00a0Minute\" \/>\n<script type=\"application\/ld+json\" class=\"yoast-schema-graph\">{\"@context\":\"https:\/\/schema.org\",\"@graph\":[{\"@type\":\"WebPage\",\"@id\":\"https:\/\/trial-alulamellen.de\/?page_id=71\",\"url\":\"https:\/\/trial-alulamellen.de\/?page_id=71\",\"name\":\"TYP R - TriAl - Alulamellensysteme \u00b7 L\u00fcftungsgitter, Wetterschutz, Sonnenschutz, Fassadengestaltung u.v.m.\",\"isPartOf\":{\"@id\":\"https:\/\/trial-alulamellen.de\/#website\"},\"primaryImageOfPage\":{\"@id\":\"https:\/\/trial-alulamellen.de\/?page_id=71#primaryimage\"},\"image\":{\"@id\":\"https:\/\/trial-alulamellen.de\/?page_id=71#primaryimage\"},\"thumbnailUrl\":\"https:\/\/trial-alulamellen.de\/wp-content\/uploads\/2016\/04\/alu-lamellen-rahmen-rk-236x300.png\",\"datePublished\":\"2015-09-30T06:54:27+00:00\",\"dateModified\":\"2023-02-16T14:24:09+00:00\",\"breadcrumb\":{\"@id\":\"https:\/\/trial-alulamellen.de\/?page_id=71#breadcrumb\"},\"inLanguage\":\"de\",\"potentialAction\":[{\"@type\":\"ReadAction\",\"target\":[\"https:\/\/trial-alulamellen.de\/?page_id=71\"]}]},{\"@type\":\"ImageObject\",\"inLanguage\":\"de\",\"@id\":\"https:\/\/trial-alulamellen.de\/?page_id=71#primaryimage\",\"url\":\"https:\/\/trial-alulamellen.de\/wp-content\/uploads\/2016\/04\/alu-lamellen-rahmen-rk.png\",\"contentUrl\":\"https:\/\/trial-alulamellen.de\/wp-content\/uploads\/2016\/04\/alu-lamellen-rahmen-rk.png\",\"width\":400,\"height\":508,\"caption\":\"SIMOTriAL - Alu Lamellen Rahmen RK\"},{\"@type\":\"BreadcrumbList\",\"@id\":\"https:\/\/trial-alulamellen.de\/?page_id=71#breadcrumb\",\"itemListElement\":[{\"@type\":\"ListItem\",\"position\":1,\"name\":\"Startseite\",\"item\":\"https:\/\/trial-alulamellen.de\/\"},{\"@type\":\"ListItem\",\"position\":2,\"name\":\"Produkte\",\"item\":\"https:\/\/trial-alulamellen.de\/?page_id=12\"},{\"@type\":\"ListItem\",\"position\":3,\"name\":\"TYP R\"}]},{\"@type\":\"WebSite\",\"@id\":\"https:\/\/trial-alulamellen.de\/#website\",\"url\":\"https:\/\/trial-alulamellen.de\/\",\"name\":\"TriAl - Alulamellensysteme \u00b7 L\u00fcftungsgitter, Wetterschutz, Sonnenschutz, Fassadengestaltung u.v.m.\",\"description\":\"\",\"potentialAction\":[{\"@type\":\"SearchAction\",\"target\":{\"@type\":\"EntryPoint\",\"urlTemplate\":\"https:\/\/trial-alulamellen.de\/?s={search_term_string}\"},\"query-input\":{\"@type\":\"PropertyValueSpecification\",\"valueRequired\":true,\"valueName\":\"search_term_string\"}}],\"inLanguage\":\"de\"}]}<\/script>\n<!-- \/ Yoast SEO plugin. -->","yoast_head_json":{"title":"TYP R - TriAl - Alulamellensysteme \u00b7 L\u00fcftungsgitter, Wetterschutz, Sonnenschutz, Fassadengestaltung u.v.m.","robots":{"index":"index","follow":"follow","max-snippet":"max-snippet:-1","max-image-preview":"max-image-preview:large","max-video-preview":"max-video-preview:-1"},"canonical":"https:\/\/trial-alulamellen.de\/?page_id=71","og_locale":"de_DE","og_type":"article","og_title":"TYP R - TriAl - Alulamellensysteme \u00b7 L\u00fcftungsgitter, Wetterschutz, Sonnenschutz, Fassadengestaltung u.v.m.","og_description":"[et_pb_section fb_built=&#8220;1&#8243; admin_label=&#8220;section&#8220; _builder_version=&#8220;4.7.7&#8243; custom_margin=&#8220;0px|0px|0px|0px|true|true&#8220; custom_padding=&#8220;0px|0px|0px|0px|true|true&#8220;][et_pb_row admin_label=&#8220;row&#8220; _builder_version=&#8220;4.7.7&#8243; background_size=&#8220;initial&#8220; background_position=&#8220;top_left&#8220; background_repeat=&#8220;repeat&#8220; width=&#8220;100%&#8220; custom_margin=&#8220;0px|0px|0px|0px|true|true&#8220; custom_padding=&#8220;30px|20px|30px|20px|true|true&#8220;][et_pb_column type=&#8220;4_4&#8243; _builder_version=&#8220;3.25&#8243; custom_padding=&#8220;|||&#8220; custom_padding__hover=&#8220;|||&#8220;][et_pb_text _builder_version=&#8220;4.7.7&#8243; _module_preset=&#8220;default&#8220;] TYP R [\/et_pb_text][\/et_pb_column][\/et_pb_row][et_pb_row admin_label=&#8220;row&#8220; _builder_version=&#8220;4.7.7&#8243; background_size=&#8220;initial&#8220; background_position=&#8220;top_left&#8220; background_repeat=&#8220;repeat&#8220; width=&#8220;100%&#8220; custom_margin=&#8220;0px|0px|0px|0px|true|true&#8220; custom_padding=&#8220;0px|20px|0px|20px|true|true&#8220;][et_pb_column type=&#8220;4_4&#8243; _builder_version=&#8220;3.25&#8243; custom_padding=&#8220;|||&#8220; custom_padding__hover=&#8220;|||&#8220;][et_pb_text admin_label=&#8220;Text&#8220; _builder_version=&#8220;3.27.4&#8243; background_size=&#8220;initial&#8220; background_position=&#8220;top_left&#8220; background_repeat=&#8220;repeat&#8220;] Die rahmenlose Ausf\u00fchrung des Lamellengitters mit Lamellenteilungen von 45, 60, 75 oder 125 mm kann [&hellip;]","og_url":"https:\/\/trial-alulamellen.de\/?page_id=71","og_site_name":"TriAl - Alulamellensysteme \u00b7 L\u00fcftungsgitter, Wetterschutz, Sonnenschutz, Fassadengestaltung u.v.m.","article_modified_time":"2023-02-16T14:24:09+00:00","og_image":[{"url":"https:\/\/trial-alulamellen.de\/wp-content\/uploads\/2016\/04\/R75-75-VI_3D-150x150.jpg","type":"","width":"","height":""}],"twitter_card":"summary_large_image","twitter_misc":{"Gesch\u00e4tzte Lesezeit":"1\u00a0Minute"},"schema":{"@context":"https:\/\/schema.org","@graph":[{"@type":"WebPage","@id":"https:\/\/trial-alulamellen.de\/?page_id=71","url":"https:\/\/trial-alulamellen.de\/?page_id=71","name":"TYP R - TriAl - Alulamellensysteme \u00b7 L\u00fcftungsgitter, Wetterschutz, Sonnenschutz, Fassadengestaltung u.v.m.","isPartOf":{"@id":"https:\/\/trial-alulamellen.de\/#website"},"primaryImageOfPage":{"@id":"https:\/\/trial-alulamellen.de\/?page_id=71#primaryimage"},"image":{"@id":"https:\/\/trial-alulamellen.de\/?page_id=71#primaryimage"},"thumbnailUrl":"https:\/\/trial-alulamellen.de\/wp-content\/uploads\/2016\/04\/alu-lamellen-rahmen-rk-236x300.png","datePublished":"2015-09-30T06:54:27+00:00","dateModified":"2023-02-16T14:24:09+00:00","breadcrumb":{"@id":"https:\/\/trial-alulamellen.de\/?page_id=71#breadcrumb"},"inLanguage":"de","potentialAction":[{"@type":"ReadAction","target":["https:\/\/trial-alulamellen.de\/?page_id=71"]}]},{"@type":"ImageObject","inLanguage":"de","@id":"https:\/\/trial-alulamellen.de\/?page_id=71#primaryimage","url":"https:\/\/trial-alulamellen.de\/wp-content\/uploads\/2016\/04\/alu-lamellen-rahmen-rk.png","contentUrl":"https:\/\/trial-alulamellen.de\/wp-content\/uploads\/2016\/04\/alu-lamellen-rahmen-rk.png","width":400,"height":508,"caption":"SIMOTriAL - Alu Lamellen Rahmen RK"},{"@type":"BreadcrumbList","@id":"https:\/\/trial-alulamellen.de\/?page_id=71#breadcrumb","itemListElement":[{"@type":"ListItem","position":1,"name":"Startseite","item":"https:\/\/trial-alulamellen.de\/"},{"@type":"ListItem","position":2,"name":"Produkte","item":"https:\/\/trial-alulamellen.de\/?page_id=12"},{"@type":"ListItem","position":3,"name":"TYP R"}]},{"@type":"WebSite","@id":"https:\/\/trial-alulamellen.de\/#website","url":"https:\/\/trial-alulamellen.de\/","name":"TriAl - Alulamellensysteme \u00b7 L\u00fcftungsgitter, Wetterschutz, Sonnenschutz, Fassadengestaltung u.v.m.","description":"","potentialAction":[{"@type":"SearchAction","target":{"@type":"EntryPoint","urlTemplate":"https:\/\/trial-alulamellen.de\/?s={search_term_string}"},"query-input":{"@type":"PropertyValueSpecification","valueRequired":true,"valueName":"search_term_string"}}],"inLanguage":"de"}]}},"_links":{"self":[{"href":"https:\/\/trial-alulamellen.de\/index.php?rest_route=\/wp\/v2\/pages\/71","targetHints":{"allow":["GET"]}}],"collection":[{"href":"https:\/\/trial-alulamellen.de\/index.php?rest_route=\/wp\/v2\/pages"}],"about":[{"href":"https:\/\/trial-alulamellen.de\/index.php?rest_route=\/wp\/v2\/types\/page"}],"author":[{"embeddable":true,"href":"https:\/\/trial-alulamellen.de\/index.php?rest_route=\/wp\/v2\/users\/2"}],"replies":[{"embeddable":true,"href":"https:\/\/trial-alulamellen.de\/index.php?rest_route=%2Fwp%2Fv2%2Fcomments&post=71"}],"version-history":[{"count":9,"href":"https:\/\/trial-alulamellen.de\/index.php?rest_route=\/wp\/v2\/pages\/71\/revisions"}],"predecessor-version":[{"id":449,"href":"https:\/\/trial-alulamellen.de\/index.php?rest_route=\/wp\/v2\/pages\/71\/revisions\/449"}],"up":[{"embeddable":true,"href":"https:\/\/trial-alulamellen.de\/index.php?rest_route=\/wp\/v2\/pages\/12"}],"wp:attachment":[{"href":"https:\/\/trial-alulamellen.de\/index.php?rest_route=%2Fwp%2Fv2%2Fmedia&parent=71"}],"curies":[{"name":"wp","href":"https:\/\/api.w.org\/{rel}","templated":true}]}}