{"id":65,"date":"2015-09-30T06:52:56","date_gmt":"2015-09-30T06:52:56","guid":{"rendered":"https:\/\/trial-alulamellen.de\/?page_id=65"},"modified":"2023-02-17T08:46:48","modified_gmt":"2023-02-17T08:46:48","slug":"typ-k","status":"publish","type":"page","link":"https:\/\/trial-alulamellen.de\/?page_id=65","title":{"rendered":"TYP K"},"content":{"rendered":"<p>[et_pb_section fb_built=&#8220;1&#8243; admin_label=&#8220;section&#8220; _builder_version=&#8220;4.7.7&#8243; custom_margin=&#8220;0px|0px|0px|0px|true|true&#8220; custom_padding=&#8220;0px|0px|0px|0px|true|true&#8220;][et_pb_row admin_label=&#8220;row&#8220; _builder_version=&#8220;4.7.7&#8243; background_size=&#8220;initial&#8220; background_position=&#8220;top_left&#8220; background_repeat=&#8220;repeat&#8220; width=&#8220;100%&#8220; custom_margin=&#8220;0px|0px|0px|0px|true|true&#8220; custom_padding=&#8220;30px|20px|30px|20px|true|true&#8220;][et_pb_column type=&#8220;4_4&#8243; _builder_version=&#8220;3.25&#8243; custom_padding=&#8220;|||&#8220; custom_padding__hover=&#8220;|||&#8220;][et_pb_text _builder_version=&#8220;4.7.7&#8243; _module_preset=&#8220;default&#8220;]<\/p>\n<h1>TYP K<\/h1>\n<p>[\/et_pb_text][\/et_pb_column][\/et_pb_row][et_pb_row admin_label=&#8220;row&#8220; _builder_version=&#8220;4.7.7&#8243; background_size=&#8220;initial&#8220; background_position=&#8220;top_left&#8220; background_repeat=&#8220;repeat&#8220; width=&#8220;100%&#8220; custom_margin=&#8220;0px|0px|0px|0px|true|true&#8220; custom_padding=&#8220;0px|20px|0px|20px|true|true&#8220;][et_pb_column type=&#8220;4_4&#8243; _builder_version=&#8220;3.25&#8243; custom_padding=&#8220;|||&#8220; custom_padding__hover=&#8220;|||&#8220;][et_pb_text admin_label=&#8220;Text&#8220; _builder_version=&#8220;3.27.4&#8243; background_size=&#8220;initial&#8220; background_position=&#8220;top_left&#8220; background_repeat=&#8220;repeat&#8220;]<\/p>\n<div id=\"attachment_182\" style=\"width: 210px\" class=\"wp-caption alignright\"><img loading=\"lazy\" decoding=\"async\" aria-describedby=\"caption-attachment-182\" class=\"wp-image-182\" src=\"https:\/\/trial-alulamellen.de\/wp-content\/uploads\/2016\/04\/alu-lamellen-rahmen-k-244x300.png\" alt=\"alu-lamellen-rahmen-k\" width=\"200\" height=\"245\" srcset=\"https:\/\/trial-alulamellen.de\/wp-content\/uploads\/2016\/04\/alu-lamellen-rahmen-k-244x300.png 244w, https:\/\/trial-alulamellen.de\/wp-content\/uploads\/2016\/04\/alu-lamellen-rahmen-k.png 400w\" sizes=\"auto, (max-width: 200px) 100vw, 200px\" \/><p id=\"caption-attachment-182\" class=\"wp-caption-text\">Typ K<\/p><\/div>\n<p>Die Hauptanwendung des Kastenrahmens (Kammerma\u00df 26 mm) ist der Einbau des Lamellengitters in Fenster- oder Fassadenkonstruktionen analog einer Isolierverglasung oder eines Paneels. Allerdings ist wie beim Typ Z der Einbau des Gitters in Mauerleibungen frontal oder zur\u00fcckversetzt m\u00f6glich.<\/p>\n<p>Die Lamellen haben ebenfalls wahlweise eine Teilung von 45, 60, 75 oder 125 mm und k\u00f6nnen vorstehend oder mit dem Rahmen abschlie\u00dfend ausgef\u00fchrt werden. Dadurch kann das Gitter ideal der Fassadenebene angepasst werden.<\/p>\n<p>&nbsp;<\/p>\n\n\t\t<style type=\"text\/css\">\n\t\t\t#gallery-1 {\n\t\t\t\tmargin: auto;\n\t\t\t}\n\t\t\t#gallery-1 .gallery-item {\n\t\t\t\tfloat: left;\n\t\t\t\tmargin-top: 10px;\n\t\t\t\ttext-align: center;\n\t\t\t\twidth: 25%;\n\t\t\t}\n\t\t\t#gallery-1 img {\n\t\t\t\tborder: 2px solid #cfcfcf;\n\t\t\t}\n\t\t\t#gallery-1 .gallery-caption {\n\t\t\t\tmargin-left: 0;\n\t\t\t}\n\t\t\t\/* see gallery_shortcode() in wp-includes\/media.php *\/\n\t\t<\/style>\n\t\t<div id='gallery-1' class='gallery galleryid-65 gallery-columns-4 gallery-size-thumbnail'><dl class='gallery-item'>\n\t\t\t<dt class='gallery-icon portrait'>\n\t\t\t\t<a href='https:\/\/trial-alulamellen.de\/wp-content\/uploads\/2016\/04\/K45-45-VI_3D.jpg'><img loading=\"lazy\" decoding=\"async\" width=\"150\" height=\"150\" src=\"https:\/\/trial-alulamellen.de\/wp-content\/uploads\/2016\/04\/K45-45-VI_3D-150x150.jpg\" class=\"attachment-thumbnail size-thumbnail\" alt=\"\" aria-describedby=\"gallery-1-87\" srcset=\"https:\/\/trial-alulamellen.de\/wp-content\/uploads\/2016\/04\/K45-45-VI_3D-150x150.jpg 150w, https:\/\/trial-alulamellen.de\/wp-content\/uploads\/2016\/04\/K45-45-VI_3D-230x230.jpg 230w, https:\/\/trial-alulamellen.de\/wp-content\/uploads\/2016\/04\/K45-45-VI_3D-365x365.jpg 365w\" sizes=\"auto, (max-width: 150px) 100vw, 150px\" \/><\/a>\n\t\t\t<\/dt>\n\t\t\t\t<dd class='wp-caption-text gallery-caption' id='gallery-1-87'>\n\t\t\t\tTyp K\n\t\t\t\t<\/dd><\/dl><dl class='gallery-item'>\n\t\t\t<dt class='gallery-icon landscape'>\n\t\t\t\t<a href='https:\/\/trial-alulamellen.de\/wp-content\/uploads\/2016\/04\/K7510-25-75-X.jpg'><img loading=\"lazy\" decoding=\"async\" width=\"150\" height=\"150\" src=\"https:\/\/trial-alulamellen.de\/wp-content\/uploads\/2016\/04\/K7510-25-75-X-150x150.jpg\" class=\"attachment-thumbnail size-thumbnail\" alt=\"\" srcset=\"https:\/\/trial-alulamellen.de\/wp-content\/uploads\/2016\/04\/K7510-25-75-X-150x150.jpg 150w, https:\/\/trial-alulamellen.de\/wp-content\/uploads\/2016\/04\/K7510-25-75-X-230x230.jpg 230w, https:\/\/trial-alulamellen.de\/wp-content\/uploads\/2016\/04\/K7510-25-75-X-365x365.jpg 365w\" sizes=\"auto, (max-width: 150px) 100vw, 150px\" \/><\/a>\n\t\t\t<\/dt><\/dl><dl class='gallery-item'>\n\t\t\t<dt class='gallery-icon landscape'>\n\t\t\t\t<a href='https:\/\/trial-alulamellen.de\/wp-content\/uploads\/2016\/04\/K45-45-VI.jpg'><img loading=\"lazy\" decoding=\"async\" width=\"150\" height=\"150\" src=\"https:\/\/trial-alulamellen.de\/wp-content\/uploads\/2016\/04\/K45-45-VI-150x150.jpg\" class=\"attachment-thumbnail size-thumbnail\" alt=\"\" aria-describedby=\"gallery-1-86\" srcset=\"https:\/\/trial-alulamellen.de\/wp-content\/uploads\/2016\/04\/K45-45-VI-150x150.jpg 150w, https:\/\/trial-alulamellen.de\/wp-content\/uploads\/2016\/04\/K45-45-VI-230x230.jpg 230w, https:\/\/trial-alulamellen.de\/wp-content\/uploads\/2016\/04\/K45-45-VI-365x365.jpg 365w\" sizes=\"auto, (max-width: 150px) 100vw, 150px\" \/><\/a>\n\t\t\t<\/dt>\n\t\t\t\t<dd class='wp-caption-text gallery-caption' id='gallery-1-86'>\n\t\t\t\tAnsicht 1\n\t\t\t\t<\/dd><\/dl><dl class='gallery-item'>\n\t\t\t<dt class='gallery-icon landscape'>\n\t\t\t\t<a href='https:\/\/trial-alulamellen.de\/wp-content\/uploads\/2016\/04\/K45-45-VI_detail.jpg'><img loading=\"lazy\" decoding=\"async\" width=\"150\" height=\"150\" src=\"https:\/\/trial-alulamellen.de\/wp-content\/uploads\/2016\/04\/K45-45-VI_detail-150x150.jpg\" class=\"attachment-thumbnail size-thumbnail\" alt=\"\" aria-describedby=\"gallery-1-88\" srcset=\"https:\/\/trial-alulamellen.de\/wp-content\/uploads\/2016\/04\/K45-45-VI_detail-150x150.jpg 150w, https:\/\/trial-alulamellen.de\/wp-content\/uploads\/2016\/04\/K45-45-VI_detail-230x230.jpg 230w\" sizes=\"auto, (max-width: 150px) 100vw, 150px\" \/><\/a>\n\t\t\t<\/dt>\n\t\t\t\t<dd class='wp-caption-text gallery-caption' id='gallery-1-88'>\n\t\t\t\tVogel- \/ Insektenschutz\n\t\t\t\t<\/dd><\/dl><br style=\"clear: both\" \/>\n\t\t<\/div>\n\n<p>[\/et_pb_text][\/et_pb_column][\/et_pb_row][\/et_pb_section]<\/p>\n","protected":false},"excerpt":{"rendered":"<p>[et_pb_section fb_built=&#8220;1&#8243; admin_label=&#8220;section&#8220; _builder_version=&#8220;4.7.7&#8243; custom_margin=&#8220;0px|0px|0px|0px|true|true&#8220; custom_padding=&#8220;0px|0px|0px|0px|true|true&#8220;][et_pb_row admin_label=&#8220;row&#8220; _builder_version=&#8220;4.7.7&#8243; background_size=&#8220;initial&#8220; background_position=&#8220;top_left&#8220; background_repeat=&#8220;repeat&#8220; width=&#8220;100%&#8220; custom_margin=&#8220;0px|0px|0px|0px|true|true&#8220; custom_padding=&#8220;30px|20px|30px|20px|true|true&#8220;][et_pb_column type=&#8220;4_4&#8243; _builder_version=&#8220;3.25&#8243; custom_padding=&#8220;|||&#8220; custom_padding__hover=&#8220;|||&#8220;][et_pb_text _builder_version=&#8220;4.7.7&#8243; _module_preset=&#8220;default&#8220;] TYP K [\/et_pb_text][\/et_pb_column][\/et_pb_row][et_pb_row admin_label=&#8220;row&#8220; _builder_version=&#8220;4.7.7&#8243; background_size=&#8220;initial&#8220; background_position=&#8220;top_left&#8220; background_repeat=&#8220;repeat&#8220; width=&#8220;100%&#8220; custom_margin=&#8220;0px|0px|0px|0px|true|true&#8220; custom_padding=&#8220;0px|20px|0px|20px|true|true&#8220;][et_pb_column type=&#8220;4_4&#8243; _builder_version=&#8220;3.25&#8243; custom_padding=&#8220;|||&#8220; custom_padding__hover=&#8220;|||&#8220;][et_pb_text admin_label=&#8220;Text&#8220; _builder_version=&#8220;3.27.4&#8243; background_size=&#8220;initial&#8220; background_position=&#8220;top_left&#8220; background_repeat=&#8220;repeat&#8220;] Die Hauptanwendung des Kastenrahmens (Kammerma\u00df 26 mm) ist der Einbau des Lamellengitters in Fenster- oder [&hellip;]<\/p>\n","protected":false},"author":2,"featured_media":0,"parent":12,"menu_order":20,"comment_status":"closed","ping_status":"closed","template":"","meta":{"_et_pb_use_builder":"on","_et_pb_old_content":"[caption id=\"attachment_182\" align=\"alignright\" width=\"200\"]<img class=\"wp-image-182\" src=\"https:\/\/trial-alulamellen.de\/wp-content\/uploads\/2016\/04\/alu-lamellen-rahmen-k-244x300.png\" alt=\"alu-lamellen-rahmen-k\" width=\"200\" height=\"245\" \/> Typ K[\/caption]\r\n<h1>TYP K<\/h1>\r\nDie Hauptanwendung des Kastenrahmens (Kammerma\u00df 26 mm) ist der Einbau des Lamellengitters in Fenster- oder Fassadenkonstruktionen analog einer Isolierverglasung oder eines Paneels. Allerdings ist wie beim Typ Z der Einbau des Gitters in Mauerleibungen frontal oder zur\u00fcckversetzt m\u00f6glich.\r\n\r\nDie Lamellen haben ebenfalls wahlweise eine Teilung von 45, 60, 75 oder 125 mm und k\u00f6nnen vorstehend oder mit dem Rahmen abschlie\u00dfend ausgef\u00fchrt werden. Dadurch kann das Gitter ideal der Fassadenebene angepasst werden.\r\n\r\n&nbsp;\r\n\r\n[gallery columns=\"4\" link=\"file\" ids=\"87,97,86,88\"]","_et_gb_content_width":"","ngg_post_thumbnail":0,"footnotes":""},"class_list":["post-65","page","type-page","status-publish","hentry"],"yoast_head":"<!-- This site is optimized with the Yoast SEO plugin v26.8 - https:\/\/yoast.com\/product\/yoast-seo-wordpress\/ -->\n<title>TYP K - TriAl - Alulamellensysteme \u00b7 L\u00fcftungsgitter, Wetterschutz, Sonnenschutz, Fassadengestaltung u.v.m.<\/title>\n<meta name=\"robots\" content=\"index, follow, max-snippet:-1, max-image-preview:large, max-video-preview:-1\" \/>\n<link rel=\"canonical\" href=\"https:\/\/trial-alulamellen.de\/?page_id=65\" \/>\n<meta property=\"og:locale\" content=\"de_DE\" \/>\n<meta property=\"og:type\" content=\"article\" \/>\n<meta property=\"og:title\" content=\"TYP K - TriAl - Alulamellensysteme \u00b7 L\u00fcftungsgitter, Wetterschutz, Sonnenschutz, Fassadengestaltung u.v.m.\" \/>\n<meta property=\"og:description\" content=\"[et_pb_section fb_built=&#8220;1&#8243; admin_label=&#8220;section&#8220; _builder_version=&#8220;4.7.7&#8243; custom_margin=&#8220;0px|0px|0px|0px|true|true&#8220; custom_padding=&#8220;0px|0px|0px|0px|true|true&#8220;][et_pb_row admin_label=&#8220;row&#8220; _builder_version=&#8220;4.7.7&#8243; background_size=&#8220;initial&#8220; background_position=&#8220;top_left&#8220; background_repeat=&#8220;repeat&#8220; width=&#8220;100%&#8220; custom_margin=&#8220;0px|0px|0px|0px|true|true&#8220; custom_padding=&#8220;30px|20px|30px|20px|true|true&#8220;][et_pb_column type=&#8220;4_4&#8243; _builder_version=&#8220;3.25&#8243; custom_padding=&#8220;|||&#8220; custom_padding__hover=&#8220;|||&#8220;][et_pb_text _builder_version=&#8220;4.7.7&#8243; _module_preset=&#8220;default&#8220;] TYP K [\/et_pb_text][\/et_pb_column][\/et_pb_row][et_pb_row admin_label=&#8220;row&#8220; _builder_version=&#8220;4.7.7&#8243; background_size=&#8220;initial&#8220; background_position=&#8220;top_left&#8220; background_repeat=&#8220;repeat&#8220; width=&#8220;100%&#8220; custom_margin=&#8220;0px|0px|0px|0px|true|true&#8220; custom_padding=&#8220;0px|20px|0px|20px|true|true&#8220;][et_pb_column type=&#8220;4_4&#8243; _builder_version=&#8220;3.25&#8243; custom_padding=&#8220;|||&#8220; custom_padding__hover=&#8220;|||&#8220;][et_pb_text admin_label=&#8220;Text&#8220; _builder_version=&#8220;3.27.4&#8243; background_size=&#8220;initial&#8220; background_position=&#8220;top_left&#8220; background_repeat=&#8220;repeat&#8220;] Die Hauptanwendung des Kastenrahmens (Kammerma\u00df 26 mm) ist der Einbau des Lamellengitters in Fenster- oder [&hellip;]\" \/>\n<meta property=\"og:url\" content=\"https:\/\/trial-alulamellen.de\/?page_id=65\" \/>\n<meta property=\"og:site_name\" content=\"TriAl - Alulamellensysteme \u00b7 L\u00fcftungsgitter, Wetterschutz, Sonnenschutz, Fassadengestaltung u.v.m.\" \/>\n<meta property=\"article:modified_time\" content=\"2023-02-17T08:46:48+00:00\" \/>\n<meta property=\"og:image\" content=\"https:\/\/trial-alulamellen.de\/wp-content\/uploads\/2016\/04\/K45-45-VI_3D-150x150.jpg\" \/>\n<meta name=\"twitter:card\" content=\"summary_large_image\" \/>\n<meta name=\"twitter:label1\" content=\"Gesch\u00e4tzte Lesezeit\" \/>\n\t<meta name=\"twitter:data1\" content=\"1\u00a0Minute\" \/>\n<script type=\"application\/ld+json\" class=\"yoast-schema-graph\">{\"@context\":\"https:\/\/schema.org\",\"@graph\":[{\"@type\":\"WebPage\",\"@id\":\"https:\/\/trial-alulamellen.de\/?page_id=65\",\"url\":\"https:\/\/trial-alulamellen.de\/?page_id=65\",\"name\":\"TYP K - TriAl - Alulamellensysteme \u00b7 L\u00fcftungsgitter, Wetterschutz, Sonnenschutz, Fassadengestaltung u.v.m.\",\"isPartOf\":{\"@id\":\"https:\/\/trial-alulamellen.de\/#website\"},\"primaryImageOfPage\":{\"@id\":\"https:\/\/trial-alulamellen.de\/?page_id=65#primaryimage\"},\"image\":{\"@id\":\"https:\/\/trial-alulamellen.de\/?page_id=65#primaryimage\"},\"thumbnailUrl\":\"https:\/\/trial-alulamellen.de\/wp-content\/uploads\/2016\/04\/alu-lamellen-rahmen-k-244x300.png\",\"datePublished\":\"2015-09-30T06:52:56+00:00\",\"dateModified\":\"2023-02-17T08:46:48+00:00\",\"breadcrumb\":{\"@id\":\"https:\/\/trial-alulamellen.de\/?page_id=65#breadcrumb\"},\"inLanguage\":\"de\",\"potentialAction\":[{\"@type\":\"ReadAction\",\"target\":[\"https:\/\/trial-alulamellen.de\/?page_id=65\"]}]},{\"@type\":\"ImageObject\",\"inLanguage\":\"de\",\"@id\":\"https:\/\/trial-alulamellen.de\/?page_id=65#primaryimage\",\"url\":\"https:\/\/trial-alulamellen.de\/wp-content\/uploads\/2016\/04\/alu-lamellen-rahmen-k.png\",\"contentUrl\":\"https:\/\/trial-alulamellen.de\/wp-content\/uploads\/2016\/04\/alu-lamellen-rahmen-k.png\",\"width\":400,\"height\":491,\"caption\":\"SIMOTriAL - Alu Lamellen Rahmen K\"},{\"@type\":\"BreadcrumbList\",\"@id\":\"https:\/\/trial-alulamellen.de\/?page_id=65#breadcrumb\",\"itemListElement\":[{\"@type\":\"ListItem\",\"position\":1,\"name\":\"Startseite\",\"item\":\"https:\/\/trial-alulamellen.de\/\"},{\"@type\":\"ListItem\",\"position\":2,\"name\":\"Produkte\",\"item\":\"https:\/\/trial-alulamellen.de\/?page_id=12\"},{\"@type\":\"ListItem\",\"position\":3,\"name\":\"TYP K\"}]},{\"@type\":\"WebSite\",\"@id\":\"https:\/\/trial-alulamellen.de\/#website\",\"url\":\"https:\/\/trial-alulamellen.de\/\",\"name\":\"TriAl - Alulamellensysteme \u00b7 L\u00fcftungsgitter, Wetterschutz, Sonnenschutz, Fassadengestaltung u.v.m.\",\"description\":\"\",\"potentialAction\":[{\"@type\":\"SearchAction\",\"target\":{\"@type\":\"EntryPoint\",\"urlTemplate\":\"https:\/\/trial-alulamellen.de\/?s={search_term_string}\"},\"query-input\":{\"@type\":\"PropertyValueSpecification\",\"valueRequired\":true,\"valueName\":\"search_term_string\"}}],\"inLanguage\":\"de\"}]}<\/script>\n<!-- \/ Yoast SEO plugin. -->","yoast_head_json":{"title":"TYP K - TriAl - Alulamellensysteme \u00b7 L\u00fcftungsgitter, Wetterschutz, Sonnenschutz, Fassadengestaltung u.v.m.","robots":{"index":"index","follow":"follow","max-snippet":"max-snippet:-1","max-image-preview":"max-image-preview:large","max-video-preview":"max-video-preview:-1"},"canonical":"https:\/\/trial-alulamellen.de\/?page_id=65","og_locale":"de_DE","og_type":"article","og_title":"TYP K - TriAl - Alulamellensysteme \u00b7 L\u00fcftungsgitter, Wetterschutz, Sonnenschutz, Fassadengestaltung u.v.m.","og_description":"[et_pb_section fb_built=&#8220;1&#8243; admin_label=&#8220;section&#8220; _builder_version=&#8220;4.7.7&#8243; custom_margin=&#8220;0px|0px|0px|0px|true|true&#8220; custom_padding=&#8220;0px|0px|0px|0px|true|true&#8220;][et_pb_row admin_label=&#8220;row&#8220; _builder_version=&#8220;4.7.7&#8243; background_size=&#8220;initial&#8220; background_position=&#8220;top_left&#8220; background_repeat=&#8220;repeat&#8220; width=&#8220;100%&#8220; custom_margin=&#8220;0px|0px|0px|0px|true|true&#8220; custom_padding=&#8220;30px|20px|30px|20px|true|true&#8220;][et_pb_column type=&#8220;4_4&#8243; _builder_version=&#8220;3.25&#8243; custom_padding=&#8220;|||&#8220; custom_padding__hover=&#8220;|||&#8220;][et_pb_text _builder_version=&#8220;4.7.7&#8243; _module_preset=&#8220;default&#8220;] TYP K [\/et_pb_text][\/et_pb_column][\/et_pb_row][et_pb_row admin_label=&#8220;row&#8220; _builder_version=&#8220;4.7.7&#8243; background_size=&#8220;initial&#8220; background_position=&#8220;top_left&#8220; background_repeat=&#8220;repeat&#8220; width=&#8220;100%&#8220; custom_margin=&#8220;0px|0px|0px|0px|true|true&#8220; custom_padding=&#8220;0px|20px|0px|20px|true|true&#8220;][et_pb_column type=&#8220;4_4&#8243; _builder_version=&#8220;3.25&#8243; custom_padding=&#8220;|||&#8220; custom_padding__hover=&#8220;|||&#8220;][et_pb_text admin_label=&#8220;Text&#8220; _builder_version=&#8220;3.27.4&#8243; background_size=&#8220;initial&#8220; background_position=&#8220;top_left&#8220; background_repeat=&#8220;repeat&#8220;] Die Hauptanwendung des Kastenrahmens (Kammerma\u00df 26 mm) ist der Einbau des Lamellengitters in Fenster- oder [&hellip;]","og_url":"https:\/\/trial-alulamellen.de\/?page_id=65","og_site_name":"TriAl - Alulamellensysteme \u00b7 L\u00fcftungsgitter, Wetterschutz, Sonnenschutz, Fassadengestaltung u.v.m.","article_modified_time":"2023-02-17T08:46:48+00:00","og_image":[{"url":"https:\/\/trial-alulamellen.de\/wp-content\/uploads\/2016\/04\/K45-45-VI_3D-150x150.jpg","type":"","width":"","height":""}],"twitter_card":"summary_large_image","twitter_misc":{"Gesch\u00e4tzte Lesezeit":"1\u00a0Minute"},"schema":{"@context":"https:\/\/schema.org","@graph":[{"@type":"WebPage","@id":"https:\/\/trial-alulamellen.de\/?page_id=65","url":"https:\/\/trial-alulamellen.de\/?page_id=65","name":"TYP K - TriAl - Alulamellensysteme \u00b7 L\u00fcftungsgitter, Wetterschutz, Sonnenschutz, Fassadengestaltung u.v.m.","isPartOf":{"@id":"https:\/\/trial-alulamellen.de\/#website"},"primaryImageOfPage":{"@id":"https:\/\/trial-alulamellen.de\/?page_id=65#primaryimage"},"image":{"@id":"https:\/\/trial-alulamellen.de\/?page_id=65#primaryimage"},"thumbnailUrl":"https:\/\/trial-alulamellen.de\/wp-content\/uploads\/2016\/04\/alu-lamellen-rahmen-k-244x300.png","datePublished":"2015-09-30T06:52:56+00:00","dateModified":"2023-02-17T08:46:48+00:00","breadcrumb":{"@id":"https:\/\/trial-alulamellen.de\/?page_id=65#breadcrumb"},"inLanguage":"de","potentialAction":[{"@type":"ReadAction","target":["https:\/\/trial-alulamellen.de\/?page_id=65"]}]},{"@type":"ImageObject","inLanguage":"de","@id":"https:\/\/trial-alulamellen.de\/?page_id=65#primaryimage","url":"https:\/\/trial-alulamellen.de\/wp-content\/uploads\/2016\/04\/alu-lamellen-rahmen-k.png","contentUrl":"https:\/\/trial-alulamellen.de\/wp-content\/uploads\/2016\/04\/alu-lamellen-rahmen-k.png","width":400,"height":491,"caption":"SIMOTriAL - Alu Lamellen Rahmen K"},{"@type":"BreadcrumbList","@id":"https:\/\/trial-alulamellen.de\/?page_id=65#breadcrumb","itemListElement":[{"@type":"ListItem","position":1,"name":"Startseite","item":"https:\/\/trial-alulamellen.de\/"},{"@type":"ListItem","position":2,"name":"Produkte","item":"https:\/\/trial-alulamellen.de\/?page_id=12"},{"@type":"ListItem","position":3,"name":"TYP K"}]},{"@type":"WebSite","@id":"https:\/\/trial-alulamellen.de\/#website","url":"https:\/\/trial-alulamellen.de\/","name":"TriAl - Alulamellensysteme \u00b7 L\u00fcftungsgitter, Wetterschutz, Sonnenschutz, Fassadengestaltung u.v.m.","description":"","potentialAction":[{"@type":"SearchAction","target":{"@type":"EntryPoint","urlTemplate":"https:\/\/trial-alulamellen.de\/?s={search_term_string}"},"query-input":{"@type":"PropertyValueSpecification","valueRequired":true,"valueName":"search_term_string"}}],"inLanguage":"de"}]}},"_links":{"self":[{"href":"https:\/\/trial-alulamellen.de\/index.php?rest_route=\/wp\/v2\/pages\/65","targetHints":{"allow":["GET"]}}],"collection":[{"href":"https:\/\/trial-alulamellen.de\/index.php?rest_route=\/wp\/v2\/pages"}],"about":[{"href":"https:\/\/trial-alulamellen.de\/index.php?rest_route=\/wp\/v2\/types\/page"}],"author":[{"embeddable":true,"href":"https:\/\/trial-alulamellen.de\/index.php?rest_route=\/wp\/v2\/users\/2"}],"replies":[{"embeddable":true,"href":"https:\/\/trial-alulamellen.de\/index.php?rest_route=%2Fwp%2Fv2%2Fcomments&post=65"}],"version-history":[{"count":13,"href":"https:\/\/trial-alulamellen.de\/index.php?rest_route=\/wp\/v2\/pages\/65\/revisions"}],"predecessor-version":[{"id":543,"href":"https:\/\/trial-alulamellen.de\/index.php?rest_route=\/wp\/v2\/pages\/65\/revisions\/543"}],"up":[{"embeddable":true,"href":"https:\/\/trial-alulamellen.de\/index.php?rest_route=\/wp\/v2\/pages\/12"}],"wp:attachment":[{"href":"https:\/\/trial-alulamellen.de\/index.php?rest_route=%2Fwp%2Fv2%2Fmedia&parent=65"}],"curies":[{"name":"wp","href":"https:\/\/api.w.org\/{rel}","templated":true}]}}