{"id":249,"date":"2017-09-06T12:20:48","date_gmt":"2017-09-06T12:20:48","guid":{"rendered":"https:\/\/trial-alulamellen.de\/?page_id=249"},"modified":"2023-02-16T14:21:54","modified_gmt":"2023-02-16T14:21:54","slug":"gestaltung-und-sonnenschutz","status":"publish","type":"page","link":"https:\/\/trial-alulamellen.de\/?page_id=249","title":{"rendered":"Gestaltung und Sonnenschutz"},"content":{"rendered":"<p>[et_pb_section fb_built=&#8220;1&#8243; admin_label=&#8220;section&#8220; _builder_version=&#8220;4.7.7&#8243; hover_enabled=&#8220;0&#8243; custom_margin=&#8220;0px|0px|0px|0px|true|true&#8220; custom_padding=&#8220;0px|0px|0px|0px|true|true&#8220; sticky_enabled=&#8220;0&#8243;][et_pb_row admin_label=&#8220;row&#8220; _builder_version=&#8220;4.7.7&#8243; background_size=&#8220;initial&#8220; background_position=&#8220;top_left&#8220; background_repeat=&#8220;repeat&#8220; width=&#8220;100%&#8220; custom_margin=&#8220;0px|0px|0px|0px|true|true&#8220; custom_padding=&#8220;30px|20px|30px|20px|true|true&#8220;][et_pb_column type=&#8220;4_4&#8243; _builder_version=&#8220;3.25&#8243; custom_padding=&#8220;|||&#8220; custom_padding__hover=&#8220;|||&#8220;][et_pb_text _builder_version=&#8220;4.7.7&#8243; _module_preset=&#8220;default&#8220;]<\/p>\n<h1>Gestaltung und Sonnenschutz<\/h1>\n<p>[\/et_pb_text][\/et_pb_column][\/et_pb_row][et_pb_row admin_label=&#8220;row&#8220; _builder_version=&#8220;4.7.7&#8243; background_size=&#8220;initial&#8220; background_position=&#8220;top_left&#8220; background_repeat=&#8220;repeat&#8220; hover_enabled=&#8220;0&#8243; custom_margin=&#8220;0px|0px|0px|0px|true|true&#8220; custom_padding=&#8220;0px|20px|0px|20px|true|true&#8220; width=&#8220;100%&#8220; sticky_enabled=&#8220;0&#8243;][et_pb_column type=&#8220;4_4&#8243; _builder_version=&#8220;3.25&#8243; custom_padding=&#8220;|||&#8220; custom_padding__hover=&#8220;|||&#8220;][et_pb_text admin_label=&#8220;Text&#8220; _builder_version=&#8220;3.27.4&#8243; background_size=&#8220;initial&#8220; background_position=&#8220;top_left&#8220; background_repeat=&#8220;repeat&#8220;]<\/p>\n<h2><a href=\"https:\/\/trial-alulamellen.de\/wp-content\/uploads\/2017\/09\/trial-heinsberg.jpg\"><img loading=\"lazy\" decoding=\"async\" class=\"size-medium wp-image-270 alignright\" src=\"https:\/\/trial-alulamellen.de\/wp-content\/uploads\/2017\/09\/trial-heinsberg-300x248.jpg\" alt=\"trial-heinsberg\" width=\"300\" height=\"248\" srcset=\"https:\/\/trial-alulamellen.de\/wp-content\/uploads\/2017\/09\/trial-heinsberg-300x248.jpg 300w, https:\/\/trial-alulamellen.de\/wp-content\/uploads\/2017\/09\/trial-heinsberg-1024x848.jpg 1024w, https:\/\/trial-alulamellen.de\/wp-content\/uploads\/2017\/09\/trial-heinsberg.jpg 1087w\" sizes=\"auto, (max-width: 300px) 100vw, 300px\" \/><\/a>SERA Werke Heinsberg<\/h2>\n<p>Sonderlamellengitter in Kassettenausbildung nach Kundenwunsch zur Verwendung als starre Sonnenschutzlamellen.<\/p>\n<p><strong>Materialeinsatz: <\/strong>TriAL S 130 Shadow<br \/><strong>Oberfl\u00e4chen: <\/strong>RAL 3020 Verkehrsrot<\/p>\n<p>&nbsp;<\/p>\n<p>&nbsp;<\/p>\n<p>&nbsp;<\/p>\n<hr \/>\n<h2><a href=\"https:\/\/trial-alulamellen.de\/wp-content\/uploads\/2017\/09\/trial-koeln.jpg\"><img loading=\"lazy\" decoding=\"async\" class=\"size-medium wp-image-269 alignright\" src=\"https:\/\/trial-alulamellen.de\/wp-content\/uploads\/2017\/09\/trial-koeln-300x248.jpg\" alt=\"trial-koeln\" width=\"300\" height=\"248\" srcset=\"https:\/\/trial-alulamellen.de\/wp-content\/uploads\/2017\/09\/trial-koeln-300x248.jpg 300w, https:\/\/trial-alulamellen.de\/wp-content\/uploads\/2017\/09\/trial-koeln-1024x848.jpg 1024w, https:\/\/trial-alulamellen.de\/wp-content\/uploads\/2017\/09\/trial-koeln.jpg 1087w\" sizes=\"auto, (max-width: 300px) 100vw, 300px\" \/><\/a>K\u00f6lnische Rundschau<\/h2>\n<p>Lamellenfl\u00e4chen mit T\u00fcren in Lamellenoptik. In die Lamellenfl\u00e4chen integrierte Schaukastenanlage.<\/p>\n<p><strong>Materialeinsatz:<\/strong> TriAL R-75-75-V (integrierter Vogelschutz)<br \/><strong>Oberfl\u00e4chen:<\/strong> Eloxal, E6\/EV1<\/p>\n<p>[\/et_pb_text][\/et_pb_column][\/et_pb_row][\/et_pb_section]<\/p>\n","protected":false},"excerpt":{"rendered":"<p>[et_pb_section fb_built=&#8220;1&#8243; admin_label=&#8220;section&#8220; _builder_version=&#8220;4.7.7&#8243; hover_enabled=&#8220;0&#8243; custom_margin=&#8220;0px|0px|0px|0px|true|true&#8220; custom_padding=&#8220;0px|0px|0px|0px|true|true&#8220; sticky_enabled=&#8220;0&#8243;][et_pb_row admin_label=&#8220;row&#8220; _builder_version=&#8220;4.7.7&#8243; background_size=&#8220;initial&#8220; background_position=&#8220;top_left&#8220; background_repeat=&#8220;repeat&#8220; width=&#8220;100%&#8220; custom_margin=&#8220;0px|0px|0px|0px|true|true&#8220; custom_padding=&#8220;30px|20px|30px|20px|true|true&#8220;][et_pb_column type=&#8220;4_4&#8243; _builder_version=&#8220;3.25&#8243; custom_padding=&#8220;|||&#8220; custom_padding__hover=&#8220;|||&#8220;][et_pb_text _builder_version=&#8220;4.7.7&#8243; _module_preset=&#8220;default&#8220;] Gestaltung und Sonnenschutz [\/et_pb_text][\/et_pb_column][\/et_pb_row][et_pb_row admin_label=&#8220;row&#8220; _builder_version=&#8220;4.7.7&#8243; background_size=&#8220;initial&#8220; background_position=&#8220;top_left&#8220; background_repeat=&#8220;repeat&#8220; hover_enabled=&#8220;0&#8243; custom_margin=&#8220;0px|0px|0px|0px|true|true&#8220; custom_padding=&#8220;0px|20px|0px|20px|true|true&#8220; width=&#8220;100%&#8220; sticky_enabled=&#8220;0&#8243;][et_pb_column type=&#8220;4_4&#8243; _builder_version=&#8220;3.25&#8243; custom_padding=&#8220;|||&#8220; custom_padding__hover=&#8220;|||&#8220;][et_pb_text admin_label=&#8220;Text&#8220; _builder_version=&#8220;3.27.4&#8243; background_size=&#8220;initial&#8220; background_position=&#8220;top_left&#8220; background_repeat=&#8220;repeat&#8220;] SERA Werke Heinsberg Sonderlamellengitter in Kassettenausbildung nach Kundenwunsch zur Verwendung [&hellip;]<\/p>\n","protected":false},"author":2,"featured_media":0,"parent":156,"menu_order":3,"comment_status":"closed","ping_status":"closed","template":"","meta":{"_et_pb_use_builder":"on","_et_pb_old_content":"<h1>Gestaltung und Sonnenschutz<\/h1>\r\n<h2><a href=\"https:\/\/trial-alulamellen.de\/wp-content\/uploads\/2017\/09\/trial-heinsberg.jpg\"><img class=\"size-medium wp-image-270 alignright\" src=\"https:\/\/trial-alulamellen.de\/wp-content\/uploads\/2017\/09\/trial-heinsberg-300x248.jpg\" alt=\"trial-heinsberg\" width=\"300\" height=\"248\" \/><\/a>SERA Werke Heinsberg<\/h2>\r\nSonderlamellengitter in Kassettenausbildung nach Kundenwunsch zur Verwendung als starre Sonnenschutzlamellen.\r\n\r\n<strong>Materialeinsatz: <\/strong>TriAL S 130 Shadow\r\n<strong>Oberfl\u00e4chen: <\/strong>RAL 3020 Verkehrsrot\r\n\r\n&nbsp;\r\n\r\n&nbsp;\r\n\r\n&nbsp;\r\n\r\n<hr \/>\r\n\r\n<h2><a href=\"https:\/\/trial-alulamellen.de\/wp-content\/uploads\/2017\/09\/trial-koeln.jpg\"><img class=\"size-medium wp-image-269 alignright\" src=\"https:\/\/trial-alulamellen.de\/wp-content\/uploads\/2017\/09\/trial-koeln-300x248.jpg\" alt=\"trial-koeln\" width=\"300\" height=\"248\" \/><\/a>K\u00f6lnische Rundschau<\/h2>\r\nLamellenfl\u00e4chen mit T\u00fcren in Lamellenoptik. In die Lamellenfl\u00e4chen integrierte Schaukastenanlage.\r\n\r\n<strong>Materialeinsatz:<\/strong> TriAL R-75-75-V (integrierter Vogelschutz)\r\n<strong>Oberfl\u00e4chen:<\/strong> Eloxal, E6\/EV1","_et_gb_content_width":"","ngg_post_thumbnail":0,"footnotes":""},"class_list":["post-249","page","type-page","status-publish","hentry"],"yoast_head":"<!-- This site is optimized with the Yoast SEO plugin v26.8 - https:\/\/yoast.com\/product\/yoast-seo-wordpress\/ -->\n<title>Gestaltung und Sonnenschutz - TriAl - Alulamellensysteme \u00b7 L\u00fcftungsgitter, Wetterschutz, Sonnenschutz, Fassadengestaltung u.v.m.<\/title>\n<meta name=\"robots\" content=\"index, follow, max-snippet:-1, max-image-preview:large, max-video-preview:-1\" \/>\n<link rel=\"canonical\" href=\"https:\/\/trial-alulamellen.de\/?page_id=249\" \/>\n<meta property=\"og:locale\" content=\"de_DE\" \/>\n<meta property=\"og:type\" content=\"article\" \/>\n<meta property=\"og:title\" content=\"Gestaltung und Sonnenschutz - TriAl - Alulamellensysteme \u00b7 L\u00fcftungsgitter, Wetterschutz, Sonnenschutz, Fassadengestaltung u.v.m.\" \/>\n<meta property=\"og:description\" content=\"[et_pb_section fb_built=&#8220;1&#8243; admin_label=&#8220;section&#8220; _builder_version=&#8220;4.7.7&#8243; hover_enabled=&#8220;0&#8243; custom_margin=&#8220;0px|0px|0px|0px|true|true&#8220; custom_padding=&#8220;0px|0px|0px|0px|true|true&#8220; sticky_enabled=&#8220;0&#8243;][et_pb_row admin_label=&#8220;row&#8220; _builder_version=&#8220;4.7.7&#8243; background_size=&#8220;initial&#8220; background_position=&#8220;top_left&#8220; background_repeat=&#8220;repeat&#8220; width=&#8220;100%&#8220; custom_margin=&#8220;0px|0px|0px|0px|true|true&#8220; custom_padding=&#8220;30px|20px|30px|20px|true|true&#8220;][et_pb_column type=&#8220;4_4&#8243; _builder_version=&#8220;3.25&#8243; custom_padding=&#8220;|||&#8220; custom_padding__hover=&#8220;|||&#8220;][et_pb_text _builder_version=&#8220;4.7.7&#8243; _module_preset=&#8220;default&#8220;] Gestaltung und Sonnenschutz [\/et_pb_text][\/et_pb_column][\/et_pb_row][et_pb_row admin_label=&#8220;row&#8220; _builder_version=&#8220;4.7.7&#8243; background_size=&#8220;initial&#8220; background_position=&#8220;top_left&#8220; background_repeat=&#8220;repeat&#8220; hover_enabled=&#8220;0&#8243; custom_margin=&#8220;0px|0px|0px|0px|true|true&#8220; custom_padding=&#8220;0px|20px|0px|20px|true|true&#8220; width=&#8220;100%&#8220; sticky_enabled=&#8220;0&#8243;][et_pb_column type=&#8220;4_4&#8243; _builder_version=&#8220;3.25&#8243; custom_padding=&#8220;|||&#8220; custom_padding__hover=&#8220;|||&#8220;][et_pb_text admin_label=&#8220;Text&#8220; _builder_version=&#8220;3.27.4&#8243; background_size=&#8220;initial&#8220; background_position=&#8220;top_left&#8220; background_repeat=&#8220;repeat&#8220;] SERA Werke Heinsberg Sonderlamellengitter in Kassettenausbildung nach Kundenwunsch zur Verwendung [&hellip;]\" \/>\n<meta property=\"og:url\" content=\"https:\/\/trial-alulamellen.de\/?page_id=249\" \/>\n<meta property=\"og:site_name\" content=\"TriAl - Alulamellensysteme \u00b7 L\u00fcftungsgitter, Wetterschutz, Sonnenschutz, Fassadengestaltung u.v.m.\" \/>\n<meta property=\"article:modified_time\" content=\"2023-02-16T14:21:54+00:00\" \/>\n<meta property=\"og:image\" content=\"https:\/\/trial-alulamellen.de\/wp-content\/uploads\/2017\/09\/trial-heinsberg-300x248.jpg\" \/>\n<meta name=\"twitter:card\" content=\"summary_large_image\" \/>\n<meta name=\"twitter:label1\" content=\"Gesch\u00e4tzte Lesezeit\" \/>\n\t<meta name=\"twitter:data1\" content=\"1\u00a0Minute\" \/>\n<script type=\"application\/ld+json\" class=\"yoast-schema-graph\">{\"@context\":\"https:\/\/schema.org\",\"@graph\":[{\"@type\":\"WebPage\",\"@id\":\"https:\/\/trial-alulamellen.de\/?page_id=249\",\"url\":\"https:\/\/trial-alulamellen.de\/?page_id=249\",\"name\":\"Gestaltung und Sonnenschutz - TriAl - Alulamellensysteme \u00b7 L\u00fcftungsgitter, Wetterschutz, Sonnenschutz, Fassadengestaltung u.v.m.\",\"isPartOf\":{\"@id\":\"https:\/\/trial-alulamellen.de\/#website\"},\"primaryImageOfPage\":{\"@id\":\"https:\/\/trial-alulamellen.de\/?page_id=249#primaryimage\"},\"image\":{\"@id\":\"https:\/\/trial-alulamellen.de\/?page_id=249#primaryimage\"},\"thumbnailUrl\":\"https:\/\/trial-alulamellen.de\/wp-content\/uploads\/2017\/09\/trial-heinsberg-300x248.jpg\",\"datePublished\":\"2017-09-06T12:20:48+00:00\",\"dateModified\":\"2023-02-16T14:21:54+00:00\",\"breadcrumb\":{\"@id\":\"https:\/\/trial-alulamellen.de\/?page_id=249#breadcrumb\"},\"inLanguage\":\"de\",\"potentialAction\":[{\"@type\":\"ReadAction\",\"target\":[\"https:\/\/trial-alulamellen.de\/?page_id=249\"]}]},{\"@type\":\"ImageObject\",\"inLanguage\":\"de\",\"@id\":\"https:\/\/trial-alulamellen.de\/?page_id=249#primaryimage\",\"url\":\"https:\/\/trial-alulamellen.de\/wp-content\/uploads\/2017\/09\/trial-heinsberg.jpg\",\"contentUrl\":\"https:\/\/trial-alulamellen.de\/wp-content\/uploads\/2017\/09\/trial-heinsberg.jpg\",\"width\":1087,\"height\":900,\"caption\":\"SIMOTriAL - Fassadenintegrierte L\u00fcftungen Heinsberg\"},{\"@type\":\"BreadcrumbList\",\"@id\":\"https:\/\/trial-alulamellen.de\/?page_id=249#breadcrumb\",\"itemListElement\":[{\"@type\":\"ListItem\",\"position\":1,\"name\":\"Startseite\",\"item\":\"https:\/\/trial-alulamellen.de\/\"},{\"@type\":\"ListItem\",\"position\":2,\"name\":\"Anwendungsgebiete\",\"item\":\"https:\/\/trial-alulamellen.de\/?page_id=156\"},{\"@type\":\"ListItem\",\"position\":3,\"name\":\"Gestaltung und Sonnenschutz\"}]},{\"@type\":\"WebSite\",\"@id\":\"https:\/\/trial-alulamellen.de\/#website\",\"url\":\"https:\/\/trial-alulamellen.de\/\",\"name\":\"TriAl - Alulamellensysteme \u00b7 L\u00fcftungsgitter, Wetterschutz, Sonnenschutz, Fassadengestaltung u.v.m.\",\"description\":\"\",\"potentialAction\":[{\"@type\":\"SearchAction\",\"target\":{\"@type\":\"EntryPoint\",\"urlTemplate\":\"https:\/\/trial-alulamellen.de\/?s={search_term_string}\"},\"query-input\":{\"@type\":\"PropertyValueSpecification\",\"valueRequired\":true,\"valueName\":\"search_term_string\"}}],\"inLanguage\":\"de\"}]}<\/script>\n<!-- \/ Yoast SEO plugin. -->","yoast_head_json":{"title":"Gestaltung und Sonnenschutz - TriAl - Alulamellensysteme \u00b7 L\u00fcftungsgitter, Wetterschutz, Sonnenschutz, Fassadengestaltung u.v.m.","robots":{"index":"index","follow":"follow","max-snippet":"max-snippet:-1","max-image-preview":"max-image-preview:large","max-video-preview":"max-video-preview:-1"},"canonical":"https:\/\/trial-alulamellen.de\/?page_id=249","og_locale":"de_DE","og_type":"article","og_title":"Gestaltung und Sonnenschutz - TriAl - Alulamellensysteme \u00b7 L\u00fcftungsgitter, Wetterschutz, Sonnenschutz, Fassadengestaltung u.v.m.","og_description":"[et_pb_section fb_built=&#8220;1&#8243; admin_label=&#8220;section&#8220; _builder_version=&#8220;4.7.7&#8243; hover_enabled=&#8220;0&#8243; custom_margin=&#8220;0px|0px|0px|0px|true|true&#8220; custom_padding=&#8220;0px|0px|0px|0px|true|true&#8220; sticky_enabled=&#8220;0&#8243;][et_pb_row admin_label=&#8220;row&#8220; _builder_version=&#8220;4.7.7&#8243; background_size=&#8220;initial&#8220; background_position=&#8220;top_left&#8220; background_repeat=&#8220;repeat&#8220; width=&#8220;100%&#8220; custom_margin=&#8220;0px|0px|0px|0px|true|true&#8220; custom_padding=&#8220;30px|20px|30px|20px|true|true&#8220;][et_pb_column type=&#8220;4_4&#8243; _builder_version=&#8220;3.25&#8243; custom_padding=&#8220;|||&#8220; custom_padding__hover=&#8220;|||&#8220;][et_pb_text _builder_version=&#8220;4.7.7&#8243; _module_preset=&#8220;default&#8220;] Gestaltung und Sonnenschutz [\/et_pb_text][\/et_pb_column][\/et_pb_row][et_pb_row admin_label=&#8220;row&#8220; _builder_version=&#8220;4.7.7&#8243; background_size=&#8220;initial&#8220; background_position=&#8220;top_left&#8220; background_repeat=&#8220;repeat&#8220; hover_enabled=&#8220;0&#8243; custom_margin=&#8220;0px|0px|0px|0px|true|true&#8220; custom_padding=&#8220;0px|20px|0px|20px|true|true&#8220; width=&#8220;100%&#8220; sticky_enabled=&#8220;0&#8243;][et_pb_column type=&#8220;4_4&#8243; _builder_version=&#8220;3.25&#8243; custom_padding=&#8220;|||&#8220; custom_padding__hover=&#8220;|||&#8220;][et_pb_text admin_label=&#8220;Text&#8220; _builder_version=&#8220;3.27.4&#8243; background_size=&#8220;initial&#8220; background_position=&#8220;top_left&#8220; background_repeat=&#8220;repeat&#8220;] SERA Werke Heinsberg Sonderlamellengitter in Kassettenausbildung nach Kundenwunsch zur Verwendung [&hellip;]","og_url":"https:\/\/trial-alulamellen.de\/?page_id=249","og_site_name":"TriAl - Alulamellensysteme \u00b7 L\u00fcftungsgitter, Wetterschutz, Sonnenschutz, Fassadengestaltung u.v.m.","article_modified_time":"2023-02-16T14:21:54+00:00","og_image":[{"url":"https:\/\/trial-alulamellen.de\/wp-content\/uploads\/2017\/09\/trial-heinsberg-300x248.jpg","type":"","width":"","height":""}],"twitter_card":"summary_large_image","twitter_misc":{"Gesch\u00e4tzte Lesezeit":"1\u00a0Minute"},"schema":{"@context":"https:\/\/schema.org","@graph":[{"@type":"WebPage","@id":"https:\/\/trial-alulamellen.de\/?page_id=249","url":"https:\/\/trial-alulamellen.de\/?page_id=249","name":"Gestaltung und Sonnenschutz - TriAl - Alulamellensysteme \u00b7 L\u00fcftungsgitter, Wetterschutz, Sonnenschutz, Fassadengestaltung u.v.m.","isPartOf":{"@id":"https:\/\/trial-alulamellen.de\/#website"},"primaryImageOfPage":{"@id":"https:\/\/trial-alulamellen.de\/?page_id=249#primaryimage"},"image":{"@id":"https:\/\/trial-alulamellen.de\/?page_id=249#primaryimage"},"thumbnailUrl":"https:\/\/trial-alulamellen.de\/wp-content\/uploads\/2017\/09\/trial-heinsberg-300x248.jpg","datePublished":"2017-09-06T12:20:48+00:00","dateModified":"2023-02-16T14:21:54+00:00","breadcrumb":{"@id":"https:\/\/trial-alulamellen.de\/?page_id=249#breadcrumb"},"inLanguage":"de","potentialAction":[{"@type":"ReadAction","target":["https:\/\/trial-alulamellen.de\/?page_id=249"]}]},{"@type":"ImageObject","inLanguage":"de","@id":"https:\/\/trial-alulamellen.de\/?page_id=249#primaryimage","url":"https:\/\/trial-alulamellen.de\/wp-content\/uploads\/2017\/09\/trial-heinsberg.jpg","contentUrl":"https:\/\/trial-alulamellen.de\/wp-content\/uploads\/2017\/09\/trial-heinsberg.jpg","width":1087,"height":900,"caption":"SIMOTriAL - Fassadenintegrierte L\u00fcftungen Heinsberg"},{"@type":"BreadcrumbList","@id":"https:\/\/trial-alulamellen.de\/?page_id=249#breadcrumb","itemListElement":[{"@type":"ListItem","position":1,"name":"Startseite","item":"https:\/\/trial-alulamellen.de\/"},{"@type":"ListItem","position":2,"name":"Anwendungsgebiete","item":"https:\/\/trial-alulamellen.de\/?page_id=156"},{"@type":"ListItem","position":3,"name":"Gestaltung und Sonnenschutz"}]},{"@type":"WebSite","@id":"https:\/\/trial-alulamellen.de\/#website","url":"https:\/\/trial-alulamellen.de\/","name":"TriAl - Alulamellensysteme \u00b7 L\u00fcftungsgitter, Wetterschutz, Sonnenschutz, Fassadengestaltung u.v.m.","description":"","potentialAction":[{"@type":"SearchAction","target":{"@type":"EntryPoint","urlTemplate":"https:\/\/trial-alulamellen.de\/?s={search_term_string}"},"query-input":{"@type":"PropertyValueSpecification","valueRequired":true,"valueName":"search_term_string"}}],"inLanguage":"de"}]}},"_links":{"self":[{"href":"https:\/\/trial-alulamellen.de\/index.php?rest_route=\/wp\/v2\/pages\/249","targetHints":{"allow":["GET"]}}],"collection":[{"href":"https:\/\/trial-alulamellen.de\/index.php?rest_route=\/wp\/v2\/pages"}],"about":[{"href":"https:\/\/trial-alulamellen.de\/index.php?rest_route=\/wp\/v2\/types\/page"}],"author":[{"embeddable":true,"href":"https:\/\/trial-alulamellen.de\/index.php?rest_route=\/wp\/v2\/users\/2"}],"replies":[{"embeddable":true,"href":"https:\/\/trial-alulamellen.de\/index.php?rest_route=%2Fwp%2Fv2%2Fcomments&post=249"}],"version-history":[{"count":6,"href":"https:\/\/trial-alulamellen.de\/index.php?rest_route=\/wp\/v2\/pages\/249\/revisions"}],"predecessor-version":[{"id":445,"href":"https:\/\/trial-alulamellen.de\/index.php?rest_route=\/wp\/v2\/pages\/249\/revisions\/445"}],"up":[{"embeddable":true,"href":"https:\/\/trial-alulamellen.de\/index.php?rest_route=\/wp\/v2\/pages\/156"}],"wp:attachment":[{"href":"https:\/\/trial-alulamellen.de\/index.php?rest_route=%2Fwp%2Fv2%2Fmedia&parent=249"}],"curies":[{"name":"wp","href":"https:\/\/api.w.org\/{rel}","templated":true}]}}