{"id":20,"date":"2015-09-24T13:35:57","date_gmt":"2015-09-24T13:35:57","guid":{"rendered":"https:\/\/trial-alulamellen.de\/?page_id=20"},"modified":"2023-09-22T10:15:10","modified_gmt":"2023-09-22T10:15:10","slug":"impressum","status":"publish","type":"page","link":"https:\/\/trial-alulamellen.de\/?page_id=20","title":{"rendered":"Impressum"},"content":{"rendered":"<p>[et_pb_section fb_built=&#8220;1&#8243; admin_label=&#8220;section&#8220; _builder_version=&#8220;4.7.7&#8243; custom_margin=&#8220;0px|0px|0px|0px|true|true&#8220; custom_padding=&#8220;0px|0px|30px|0px|false|true&#8220;][et_pb_row admin_label=&#8220;row&#8220; _builder_version=&#8220;4.7.7&#8243; background_size=&#8220;initial&#8220; background_position=&#8220;top_left&#8220; background_repeat=&#8220;repeat&#8220; width=&#8220;100%&#8220; custom_margin=&#8220;0px|0px|0px|0px|true|true&#8220; custom_padding=&#8220;30px|20px|30px|20px|true|true&#8220;][et_pb_column type=&#8220;4_4&#8243; _builder_version=&#8220;3.25&#8243; custom_padding=&#8220;|||&#8220; custom_padding__hover=&#8220;|||&#8220;][et_pb_text _builder_version=&#8220;4.7.7&#8243; _module_preset=&#8220;default&#8220;]<\/p>\n<h1>Impressum<\/h1>\n<p>[\/et_pb_text][\/et_pb_column][\/et_pb_row][et_pb_row column_structure=&#8220;1_2,1_2&#8243; admin_label=&#8220;row&#8220; _builder_version=&#8220;4.7.7&#8243; background_size=&#8220;initial&#8220; background_position=&#8220;top_left&#8220; background_repeat=&#8220;repeat&#8220; width=&#8220;100%&#8220; custom_margin=&#8220;0px|0px|0px|0px|true|true&#8220; custom_padding=&#8220;0px|20px|0px|20px|true|true&#8220;][et_pb_column type=&#8220;1_2&#8243; _builder_version=&#8220;4.7.7&#8243; _module_preset=&#8220;default&#8220;][et_pb_text _builder_version=&#8220;4.7.7&#8243; _module_preset=&#8220;default&#8220; custom_padding=&#8220;||0px|||&#8220; hover_enabled=&#8220;0&#8243; sticky_enabled=&#8220;0&#8243;]<\/p>\n<p><strong>AluThink Aluminiumsysteme UG (haftungsbeschr\u00e4nkt)<\/strong><br \/>Hagener Str. 89<br \/>58769 Nachrodt<\/p>\n<p><strong>Telefon:<\/strong> +49 (0) 2352 \/ 70 95 512<br \/><strong>Telefax:<\/strong> +49 (0) 2352 \/ 70 92 556<\/p>\n<p>E-mail: info@AluThink.de<\/p>\n<p>[\/et_pb_text][\/et_pb_column][et_pb_column type=&#8220;1_2&#8243; _builder_version=&#8220;3.25&#8243; custom_padding=&#8220;|||&#8220; custom_padding__hover=&#8220;|||&#8220;][et_pb_text _builder_version=&#8220;4.7.7&#8243; _module_preset=&#8220;default&#8220; hover_enabled=&#8220;0&#8243; sticky_enabled=&#8220;0&#8243;]<\/p>\n<p>Gesch\u00e4ftsf\u00fchrer: Raimund Wallmeyer<br \/>Eingertagen unter: HRB 10735<\/p>\n<p>[\/et_pb_text][\/et_pb_column][\/et_pb_row][et_pb_row admin_label=&#8220;row&#8220; _builder_version=&#8220;4.7.7&#8243; background_size=&#8220;initial&#8220; background_position=&#8220;top_left&#8220; background_repeat=&#8220;repeat&#8220; width=&#8220;100%&#8220; custom_margin=&#8220;0px|0px|0px|0px|true|true&#8220; custom_padding=&#8220;15px|20px|0px|20px|false|true&#8220;][et_pb_column type=&#8220;4_4&#8243; _builder_version=&#8220;3.25&#8243; custom_padding=&#8220;|||&#8220; custom_padding__hover=&#8220;|||&#8220;][et_pb_text admin_label=&#8220;Text&#8220; _builder_version=&#8220;4.7.7&#8243; background_size=&#8220;initial&#8220; background_position=&#8220;top_left&#8220; background_repeat=&#8220;repeat&#8220;]<\/p>\n<p>Weberstellung\/-betreuung: unitad werbeagentur, bochum \u00b7 Internet: <a title=\"unitad\" href=\"http:\/\/www.unitad.de\" target=\"_blank\" rel=\"noopener\">www.unitad.de<\/a><br \/> Fotos dieser Seite: u.a. Fotolia <a href=\"http:\/\/www.fotolia.de\" target=\"_blank\" rel=\"noopener\">www.fotolia.de<\/a> und Pixelie <a href=\"http:\/\/www.pixelio.de\/\" target=\"_blank\" rel=\"noopener\">www.pixelio.de<\/a><strong><a href=\"http:\/\/www.pixelio.de\/\" target=\"_blank\" rel=\"noopener\"><\/a><\/strong><\/p>\n<p><strong>Haftung f\u00fcr Inhalte:<\/strong><br \/> Als Betreiber der Seiten sind wir gem\u00e4\u00df \u00a76 Abs.1 MDStV und \u00a78 Abs.1 TDG f\u00fcr eigene Inhalte nach den allgem. Gesetzen verantwortlich. Die Inhalte der Seiten wurden mit gr\u00f6\u00dfter Sorgfalt erstellt. F\u00fcr Richtigkeit, Vollst\u00e4ndigkeit &amp; Aktualit\u00e4t der Inhalte k\u00f6nnen wir jedoch keine Haftung \u00fcbernehmen. Alle genannten Preise sind Nettopreise zzgl. MwSt.<\/p>\n<p><strong>Haftung f\u00fcr Links:<\/strong><br \/> Unser Angebot enth\u00e4lt Links (Querverweise) zu externen Webseiten, auf deren Inhalte wir keinen Einfluss haben. Deshalb k\u00f6nnen wir f\u00fcr diese fremden Inhalte auch keine Gew\u00e4hr \u00fcbernehmen. F\u00fcr die Inhalte der verlinkten Seiten ist der jeweilige Anbieter verantwortlich. Die Seiten wurden zum Zeitpunkt der Verlinkung auf m\u00f6gliche Rechtsverst\u00f6\u00dfe \u00fcberpr\u00fcft. Eine permanente Kontrolle der verlinkten Seiten ist jedoch ohne konkrete Anhaltspunkte nicht zumutbar. Deshalb distanzieren wir uns ausdr\u00fccklich von s\u00e4mtlichen Inhalten aller verkn\u00fcpften Internetseiten, die nicht auf unserem Server abgelegt sind. Diese Erkl\u00e4rung gilt f\u00fcr alle angezeigten Links und f\u00fcr alle Inhalte der Seiten, zu denen die bei uns installierten Banner und Links f\u00fchren. Bei bekannt werden von Rechtsverletzungen werden wir diese Links umgehend entfernen.<\/p>\n<p><strong>Urheberrecht:<\/strong><br \/> Die Ver\u00f6ffentlichungen auf diesen Seiten unterliegen dem deutschen Urheberrecht. Die Vervielf\u00e4ltigung, Bearbeitung, Verbreitung und jede Art der Verwertung au\u00dferhalb der Grenzen des Urheberrechtes bed\u00fcrfen der schriftlichen Zustimmung des jeweiligen Verfassers. Beitr\u00e4ge Dritter sind als solche gekennzeichnet. Downloads und Kopien dieser Seite sind nur f\u00fcr den privaten, nicht kommerziellen Gebrauch gestattet. F\u00fcr unverlangt eingesandte Manuskripte wird keine Haftung \u00fcbernommen. Mit \u00dcbergabe der Manuskripte und Bilder erteilt uns der Verfasser das Recht zur Ver\u00f6ffentlichung. Honorierte Arbeiten gehen in unser Verf\u00fcgungsrecht \u00fcber. Warennamen werden ohne Gew\u00e4hrleistung einer freien Verf\u00fcgung genutzt.<\/p>\n<p>[\/et_pb_text][\/et_pb_column][\/et_pb_row][\/et_pb_section]<\/p>\n","protected":false},"excerpt":{"rendered":"<p>[et_pb_section fb_built=&#8220;1&#8243; admin_label=&#8220;section&#8220; _builder_version=&#8220;4.7.7&#8243; custom_margin=&#8220;0px|0px|0px|0px|true|true&#8220; custom_padding=&#8220;0px|0px|30px|0px|false|true&#8220;][et_pb_row admin_label=&#8220;row&#8220; _builder_version=&#8220;4.7.7&#8243; background_size=&#8220;initial&#8220; background_position=&#8220;top_left&#8220; background_repeat=&#8220;repeat&#8220; width=&#8220;100%&#8220; custom_margin=&#8220;0px|0px|0px|0px|true|true&#8220; custom_padding=&#8220;30px|20px|30px|20px|true|true&#8220;][et_pb_column type=&#8220;4_4&#8243; _builder_version=&#8220;3.25&#8243; custom_padding=&#8220;|||&#8220; custom_padding__hover=&#8220;|||&#8220;][et_pb_text _builder_version=&#8220;4.7.7&#8243; _module_preset=&#8220;default&#8220;] Impressum [\/et_pb_text][\/et_pb_column][\/et_pb_row][et_pb_row column_structure=&#8220;1_2,1_2&#8243; admin_label=&#8220;row&#8220; _builder_version=&#8220;4.7.7&#8243; background_size=&#8220;initial&#8220; background_position=&#8220;top_left&#8220; background_repeat=&#8220;repeat&#8220; width=&#8220;100%&#8220; custom_margin=&#8220;0px|0px|0px|0px|true|true&#8220; custom_padding=&#8220;0px|20px|0px|20px|true|true&#8220;][et_pb_column type=&#8220;1_2&#8243; _builder_version=&#8220;4.7.7&#8243; _module_preset=&#8220;default&#8220;][et_pb_text _builder_version=&#8220;4.7.7&#8243; _module_preset=&#8220;default&#8220; custom_padding=&#8220;||0px|||&#8220; hover_enabled=&#8220;0&#8243; sticky_enabled=&#8220;0&#8243;] AluThink Aluminiumsysteme UG (haftungsbeschr\u00e4nkt)Hagener Str. 8958769 Nachrodt Telefon: +49 (0) 2352 \/ 70 95 512Telefax: +49 [&hellip;]<\/p>\n","protected":false},"author":2,"featured_media":0,"parent":4,"menu_order":10,"comment_status":"closed","ping_status":"closed","template":"","meta":{"_et_pb_use_builder":"on","_et_pb_old_content":"<table>\r\n<tbody>\r\n<tr align=\"left\" valign=\"top\">\r\n<td><strong>SIMO-Trial GmbH &amp; Co. KG<\/strong>\r\nHerzogstra\u00dfe 127 \u00b7 D-44809 Bochum\r\n\r\nTel.:\u00a0 +49 (0) 234 \/ 9 03 86-0\r\nFax.: +49 (0) 234 \/ 9 03 86-11\r\nE-mail: <a href=\"mailto:info@simo-trial.de\">info@simo-trial.de<\/a>\r\n\r\nVertreten durch die Komplement\u00e4rin\r\nS-T GmbH mit Sitz in Bochum\r\nHerzogstr. 127 \u00b7 44809 Bochum<\/td>\r\n<td><\/td>\r\n<td>diese vertreten durch den GF\r\nChristian Weyland, gesch\u00e4ftsans\u00e4ssig:\r\nHerzogstr. 127 \u00b7 44809 Bochum\r\n\r\nTel.:\u00a0 +49 (0) 234 \/ 9 03 86-0\r\nFax.: +49 (0) 234 \/ 9 03 86-11\r\n\r\nRegistergericht Bochum\r\nHRA BO 6594 \/ HRB BO 13165\r\nUstId: DE 111 36 20 45<\/td>\r\n<\/tr>\r\n<\/tbody>\r\n<\/table>\r\n<div class=\"tinymcewysiwyg\">\r\n\r\nWeberstellung\/-betreuung: unitad werbeagentur, bochum \u00b7 Internet: <a title=\"unitad\" href=\"http:\/\/www.unitad.de\" target=\"_blank\">www.unitad.de<\/a>\r\nFotos dieser Seite: u.a. Fotolia <a href=\"http:\/\/www.fotolia.de\" target=\"_blank\">www.fotolia.de<\/a> und Pixelie <a href=\"http:\/\/www.pixelio.de\/\" target=\"_blank\">www.pixelio.de<\/a>\r\n<p class=\"klein\"><strong>Haftung f\u00fcr Inhalte:<\/strong>\r\nAls Betreiber der Seiten sind wir gem\u00e4\u00df \u00a76 Abs.1 MDStV und \u00a78 Abs.1 TDG f\u00fcr eigene Inhalte nach den allgem. Gesetzen verantwortlich. Die Inhalte der Seiten wurden mit gr\u00f6\u00dfter Sorgfalt erstellt. F\u00fcr Richtigkeit, Vollst\u00e4ndigkeit &amp; Aktualit\u00e4t der Inhalte k\u00f6nnen wir jedoch keine Haftung \u00fcbernehmen. Alle genannten Preise sind Nettopreise zzgl. MwSt.\r\n<strong>Haftung f\u00fcr Links:<\/strong>\r\nUnser Angebot enth\u00e4lt Links (Querverweise) zu externen Webseiten, auf deren Inhalte wir keinen Einfluss haben. Deshalb k\u00f6nnen wir f\u00fcr diese fremden Inhalte auch keine Gew\u00e4hr \u00fcbernehmen. F\u00fcr die Inhalte der verlinkten Seiten ist der jeweilige Anbieter verantwortlich. Die Seiten wurden zum Zeitpunkt der Verlinkung auf m\u00f6gliche Rechtsverst\u00f6\u00dfe \u00fcberpr\u00fcft. Eine permanente Kontrolle der verlinkten Seiten ist jedoch ohne konkrete Anhaltspunkte nicht zumutbar. Deshalb distanzieren wir uns ausdr\u00fccklich von s\u00e4mtlichen Inhalten aller verkn\u00fcpften Internetseiten, die nicht auf unserem Server abgelegt sind. Diese Erkl\u00e4rung gilt f\u00fcr alle angezeigten Links und f\u00fcr alle Inhalte der Seiten, zu denen die bei uns installierten Banner und Links f\u00fchren. Bei bekannt werden von Rechtsverletzungen werden wir diese Links umgehend entfernen.\r\n<strong>Urheberrecht:<\/strong>\r\nDie Ver\u00f6ffentlichungen auf diesen Seiten unterliegen dem deutschen Urheberrecht. Die Vervielf\u00e4ltigung, Bearbeitung, Verbreitung und jede Art der Verwertung au\u00dferhalb der Grenzen des Urheberrechtes bed\u00fcrfen der schriftlichen Zustimmung des jeweiligen Verfassers. Beitr\u00e4ge Dritter sind als solche gekennzeichnet. Downloads und Kopien dieser Seite sind nur f\u00fcr den privaten, nicht kommerziellen Gebrauch gestattet. F\u00fcr unverlangt eingesandte Manuskripte wird keine Haftung \u00fcbernommen. Mit \u00dcbergabe der Manuskripte und Bilder erteilt uns der Verfasser das Recht zur Ver\u00f6ffentlichung. Honorierte Arbeiten gehen in unser Verf\u00fcgungsrecht \u00fcber. Warennamen werden ohne Gew\u00e4hrleistung einer freien Verf\u00fcgung genutzt.<\/p>\r\n\r\n<\/div>","_et_gb_content_width":"","ngg_post_thumbnail":0,"footnotes":""},"class_list":["post-20","page","type-page","status-publish","hentry"],"yoast_head":"<!-- This site is optimized with the Yoast SEO plugin v26.8 - https:\/\/yoast.com\/product\/yoast-seo-wordpress\/ -->\n<title>Impressum - TriAl - Alulamellensysteme \u00b7 L\u00fcftungsgitter, Wetterschutz, Sonnenschutz, Fassadengestaltung u.v.m.<\/title>\n<meta name=\"robots\" content=\"index, follow, max-snippet:-1, max-image-preview:large, max-video-preview:-1\" \/>\n<link rel=\"canonical\" href=\"https:\/\/trial-alulamellen.de\/?page_id=20\" \/>\n<meta property=\"og:locale\" content=\"de_DE\" \/>\n<meta property=\"og:type\" content=\"article\" \/>\n<meta property=\"og:title\" content=\"Impressum - TriAl - Alulamellensysteme \u00b7 L\u00fcftungsgitter, Wetterschutz, Sonnenschutz, Fassadengestaltung u.v.m.\" \/>\n<meta property=\"og:description\" content=\"[et_pb_section fb_built=&#8220;1&#8243; admin_label=&#8220;section&#8220; _builder_version=&#8220;4.7.7&#8243; custom_margin=&#8220;0px|0px|0px|0px|true|true&#8220; custom_padding=&#8220;0px|0px|30px|0px|false|true&#8220;][et_pb_row admin_label=&#8220;row&#8220; _builder_version=&#8220;4.7.7&#8243; background_size=&#8220;initial&#8220; background_position=&#8220;top_left&#8220; background_repeat=&#8220;repeat&#8220; width=&#8220;100%&#8220; custom_margin=&#8220;0px|0px|0px|0px|true|true&#8220; custom_padding=&#8220;30px|20px|30px|20px|true|true&#8220;][et_pb_column type=&#8220;4_4&#8243; _builder_version=&#8220;3.25&#8243; custom_padding=&#8220;|||&#8220; custom_padding__hover=&#8220;|||&#8220;][et_pb_text _builder_version=&#8220;4.7.7&#8243; _module_preset=&#8220;default&#8220;] Impressum [\/et_pb_text][\/et_pb_column][\/et_pb_row][et_pb_row column_structure=&#8220;1_2,1_2&#8243; admin_label=&#8220;row&#8220; _builder_version=&#8220;4.7.7&#8243; background_size=&#8220;initial&#8220; background_position=&#8220;top_left&#8220; background_repeat=&#8220;repeat&#8220; width=&#8220;100%&#8220; custom_margin=&#8220;0px|0px|0px|0px|true|true&#8220; custom_padding=&#8220;0px|20px|0px|20px|true|true&#8220;][et_pb_column type=&#8220;1_2&#8243; _builder_version=&#8220;4.7.7&#8243; _module_preset=&#8220;default&#8220;][et_pb_text _builder_version=&#8220;4.7.7&#8243; _module_preset=&#8220;default&#8220; custom_padding=&#8220;||0px|||&#8220; hover_enabled=&#8220;0&#8243; sticky_enabled=&#8220;0&#8243;] AluThink Aluminiumsysteme UG (haftungsbeschr\u00e4nkt)Hagener Str. 8958769 Nachrodt Telefon: +49 (0) 2352 \/ 70 95 512Telefax: +49 [&hellip;]\" \/>\n<meta property=\"og:url\" content=\"https:\/\/trial-alulamellen.de\/?page_id=20\" \/>\n<meta property=\"og:site_name\" content=\"TriAl - Alulamellensysteme \u00b7 L\u00fcftungsgitter, Wetterschutz, Sonnenschutz, Fassadengestaltung u.v.m.\" \/>\n<meta property=\"article:modified_time\" content=\"2023-09-22T10:15:10+00:00\" \/>\n<meta name=\"twitter:card\" content=\"summary_large_image\" \/>\n<meta name=\"twitter:label1\" content=\"Gesch\u00e4tzte Lesezeit\" \/>\n\t<meta name=\"twitter:data1\" content=\"3\u00a0Minuten\" \/>\n<script type=\"application\/ld+json\" class=\"yoast-schema-graph\">{\"@context\":\"https:\/\/schema.org\",\"@graph\":[{\"@type\":\"WebPage\",\"@id\":\"https:\/\/trial-alulamellen.de\/?page_id=20\",\"url\":\"https:\/\/trial-alulamellen.de\/?page_id=20\",\"name\":\"Impressum - TriAl - Alulamellensysteme \u00b7 L\u00fcftungsgitter, Wetterschutz, Sonnenschutz, Fassadengestaltung u.v.m.\",\"isPartOf\":{\"@id\":\"https:\/\/trial-alulamellen.de\/#website\"},\"datePublished\":\"2015-09-24T13:35:57+00:00\",\"dateModified\":\"2023-09-22T10:15:10+00:00\",\"breadcrumb\":{\"@id\":\"https:\/\/trial-alulamellen.de\/?page_id=20#breadcrumb\"},\"inLanguage\":\"de\",\"potentialAction\":[{\"@type\":\"ReadAction\",\"target\":[\"https:\/\/trial-alulamellen.de\/?page_id=20\"]}]},{\"@type\":\"BreadcrumbList\",\"@id\":\"https:\/\/trial-alulamellen.de\/?page_id=20#breadcrumb\",\"itemListElement\":[{\"@type\":\"ListItem\",\"position\":1,\"name\":\"Startseite\",\"item\":\"https:\/\/trial-alulamellen.de\/\"},{\"@type\":\"ListItem\",\"position\":2,\"name\":\"Kontakt\",\"item\":\"https:\/\/trial-alulamellen.de\/?page_id=4\"},{\"@type\":\"ListItem\",\"position\":3,\"name\":\"Impressum\"}]},{\"@type\":\"WebSite\",\"@id\":\"https:\/\/trial-alulamellen.de\/#website\",\"url\":\"https:\/\/trial-alulamellen.de\/\",\"name\":\"TriAl - Alulamellensysteme \u00b7 L\u00fcftungsgitter, Wetterschutz, Sonnenschutz, Fassadengestaltung u.v.m.\",\"description\":\"\",\"potentialAction\":[{\"@type\":\"SearchAction\",\"target\":{\"@type\":\"EntryPoint\",\"urlTemplate\":\"https:\/\/trial-alulamellen.de\/?s={search_term_string}\"},\"query-input\":{\"@type\":\"PropertyValueSpecification\",\"valueRequired\":true,\"valueName\":\"search_term_string\"}}],\"inLanguage\":\"de\"}]}<\/script>\n<!-- \/ Yoast SEO plugin. -->","yoast_head_json":{"title":"Impressum - TriAl - Alulamellensysteme \u00b7 L\u00fcftungsgitter, Wetterschutz, Sonnenschutz, Fassadengestaltung u.v.m.","robots":{"index":"index","follow":"follow","max-snippet":"max-snippet:-1","max-image-preview":"max-image-preview:large","max-video-preview":"max-video-preview:-1"},"canonical":"https:\/\/trial-alulamellen.de\/?page_id=20","og_locale":"de_DE","og_type":"article","og_title":"Impressum - TriAl - Alulamellensysteme \u00b7 L\u00fcftungsgitter, Wetterschutz, Sonnenschutz, Fassadengestaltung u.v.m.","og_description":"[et_pb_section fb_built=&#8220;1&#8243; admin_label=&#8220;section&#8220; _builder_version=&#8220;4.7.7&#8243; custom_margin=&#8220;0px|0px|0px|0px|true|true&#8220; custom_padding=&#8220;0px|0px|30px|0px|false|true&#8220;][et_pb_row admin_label=&#8220;row&#8220; _builder_version=&#8220;4.7.7&#8243; background_size=&#8220;initial&#8220; background_position=&#8220;top_left&#8220; background_repeat=&#8220;repeat&#8220; width=&#8220;100%&#8220; custom_margin=&#8220;0px|0px|0px|0px|true|true&#8220; custom_padding=&#8220;30px|20px|30px|20px|true|true&#8220;][et_pb_column type=&#8220;4_4&#8243; _builder_version=&#8220;3.25&#8243; custom_padding=&#8220;|||&#8220; custom_padding__hover=&#8220;|||&#8220;][et_pb_text _builder_version=&#8220;4.7.7&#8243; _module_preset=&#8220;default&#8220;] Impressum [\/et_pb_text][\/et_pb_column][\/et_pb_row][et_pb_row column_structure=&#8220;1_2,1_2&#8243; admin_label=&#8220;row&#8220; _builder_version=&#8220;4.7.7&#8243; background_size=&#8220;initial&#8220; background_position=&#8220;top_left&#8220; background_repeat=&#8220;repeat&#8220; width=&#8220;100%&#8220; custom_margin=&#8220;0px|0px|0px|0px|true|true&#8220; custom_padding=&#8220;0px|20px|0px|20px|true|true&#8220;][et_pb_column type=&#8220;1_2&#8243; _builder_version=&#8220;4.7.7&#8243; _module_preset=&#8220;default&#8220;][et_pb_text _builder_version=&#8220;4.7.7&#8243; _module_preset=&#8220;default&#8220; custom_padding=&#8220;||0px|||&#8220; hover_enabled=&#8220;0&#8243; sticky_enabled=&#8220;0&#8243;] AluThink Aluminiumsysteme UG (haftungsbeschr\u00e4nkt)Hagener Str. 8958769 Nachrodt Telefon: +49 (0) 2352 \/ 70 95 512Telefax: +49 [&hellip;]","og_url":"https:\/\/trial-alulamellen.de\/?page_id=20","og_site_name":"TriAl - Alulamellensysteme \u00b7 L\u00fcftungsgitter, Wetterschutz, Sonnenschutz, Fassadengestaltung u.v.m.","article_modified_time":"2023-09-22T10:15:10+00:00","twitter_card":"summary_large_image","twitter_misc":{"Gesch\u00e4tzte Lesezeit":"3\u00a0Minuten"},"schema":{"@context":"https:\/\/schema.org","@graph":[{"@type":"WebPage","@id":"https:\/\/trial-alulamellen.de\/?page_id=20","url":"https:\/\/trial-alulamellen.de\/?page_id=20","name":"Impressum - TriAl - Alulamellensysteme \u00b7 L\u00fcftungsgitter, Wetterschutz, Sonnenschutz, Fassadengestaltung u.v.m.","isPartOf":{"@id":"https:\/\/trial-alulamellen.de\/#website"},"datePublished":"2015-09-24T13:35:57+00:00","dateModified":"2023-09-22T10:15:10+00:00","breadcrumb":{"@id":"https:\/\/trial-alulamellen.de\/?page_id=20#breadcrumb"},"inLanguage":"de","potentialAction":[{"@type":"ReadAction","target":["https:\/\/trial-alulamellen.de\/?page_id=20"]}]},{"@type":"BreadcrumbList","@id":"https:\/\/trial-alulamellen.de\/?page_id=20#breadcrumb","itemListElement":[{"@type":"ListItem","position":1,"name":"Startseite","item":"https:\/\/trial-alulamellen.de\/"},{"@type":"ListItem","position":2,"name":"Kontakt","item":"https:\/\/trial-alulamellen.de\/?page_id=4"},{"@type":"ListItem","position":3,"name":"Impressum"}]},{"@type":"WebSite","@id":"https:\/\/trial-alulamellen.de\/#website","url":"https:\/\/trial-alulamellen.de\/","name":"TriAl - Alulamellensysteme \u00b7 L\u00fcftungsgitter, Wetterschutz, Sonnenschutz, Fassadengestaltung u.v.m.","description":"","potentialAction":[{"@type":"SearchAction","target":{"@type":"EntryPoint","urlTemplate":"https:\/\/trial-alulamellen.de\/?s={search_term_string}"},"query-input":{"@type":"PropertyValueSpecification","valueRequired":true,"valueName":"search_term_string"}}],"inLanguage":"de"}]}},"_links":{"self":[{"href":"https:\/\/trial-alulamellen.de\/index.php?rest_route=\/wp\/v2\/pages\/20","targetHints":{"allow":["GET"]}}],"collection":[{"href":"https:\/\/trial-alulamellen.de\/index.php?rest_route=\/wp\/v2\/pages"}],"about":[{"href":"https:\/\/trial-alulamellen.de\/index.php?rest_route=\/wp\/v2\/types\/page"}],"author":[{"embeddable":true,"href":"https:\/\/trial-alulamellen.de\/index.php?rest_route=\/wp\/v2\/users\/2"}],"replies":[{"embeddable":true,"href":"https:\/\/trial-alulamellen.de\/index.php?rest_route=%2Fwp%2Fv2%2Fcomments&post=20"}],"version-history":[{"count":10,"href":"https:\/\/trial-alulamellen.de\/index.php?rest_route=\/wp\/v2\/pages\/20\/revisions"}],"predecessor-version":[{"id":652,"href":"https:\/\/trial-alulamellen.de\/index.php?rest_route=\/wp\/v2\/pages\/20\/revisions\/652"}],"up":[{"embeddable":true,"href":"https:\/\/trial-alulamellen.de\/index.php?rest_route=\/wp\/v2\/pages\/4"}],"wp:attachment":[{"href":"https:\/\/trial-alulamellen.de\/index.php?rest_route=%2Fwp%2Fv2%2Fmedia&parent=20"}],"curies":[{"name":"wp","href":"https:\/\/api.w.org\/{rel}","templated":true}]}}