{"id":12,"date":"2015-09-24T12:51:05","date_gmt":"2015-09-24T12:51:05","guid":{"rendered":"https:\/\/trial-alulamellen.de\/?page_id=12"},"modified":"2023-02-17T09:09:44","modified_gmt":"2023-02-17T09:09:44","slug":"produkte","status":"publish","type":"page","link":"https:\/\/trial-alulamellen.de\/?page_id=12","title":{"rendered":"Produkte"},"content":{"rendered":"<p>[et_pb_section fb_built=&#8220;1&#8243; admin_label=&#8220;section&#8220; _builder_version=&#8220;4.7.7&#8243; custom_margin=&#8220;0px|0px|0px|0px|true|true&#8220; custom_padding=&#8220;0px|0px|0px|0px|true|true&#8220;][et_pb_row admin_label=&#8220;row&#8220; _builder_version=&#8220;4.7.7&#8243; background_size=&#8220;initial&#8220; background_position=&#8220;top_left&#8220; background_repeat=&#8220;repeat&#8220; width=&#8220;100%&#8220; custom_margin=&#8220;0px|0px|0px|0px|true|true&#8220; custom_padding=&#8220;30px|20px|30px|20px|true|true&#8220;][et_pb_column type=&#8220;4_4&#8243; _builder_version=&#8220;3.25&#8243; custom_padding=&#8220;|||&#8220; custom_padding__hover=&#8220;|||&#8220;][et_pb_text _builder_version=&#8220;4.7.7&#8243; _module_preset=&#8220;default&#8220;]<\/p>\n<h1>Unsere Lamellengittersysteme &#8211; Typen<\/h1>\n<p>[\/et_pb_text][\/et_pb_column][\/et_pb_row][et_pb_row admin_label=&#8220;row&#8220; _builder_version=&#8220;4.7.7&#8243; background_size=&#8220;initial&#8220; background_position=&#8220;top_left&#8220; background_repeat=&#8220;repeat&#8220; width=&#8220;100%&#8220; custom_margin=&#8220;0px|0px|0px|0px|true|true&#8220; custom_padding=&#8220;0px|20px|0px|20px|true|true&#8220;][et_pb_column type=&#8220;4_4&#8243; _builder_version=&#8220;3.25&#8243; custom_padding=&#8220;|||&#8220; custom_padding__hover=&#8220;|||&#8220;][et_pb_text admin_label=&#8220;Text&#8220; _builder_version=&#8220;4.7.7&#8243; header_3_font_size=&#8220;26px&#8220; background_size=&#8220;initial&#8220; background_position=&#8220;top_left&#8220; background_repeat=&#8220;repeat&#8220;]<\/p>\n<div class=\"tinymcewysiwyg\">\n<h3><a href=\"https:\/\/trial-alulamellen.de\/?page_id=63\"><img loading=\"lazy\" decoding=\"async\" class=\"alignright wp-image-184\" src=\"https:\/\/trial-alulamellen.de\/wp-content\/uploads\/2016\/04\/alu-lamellen-rahmen-z-265x300.png\" alt=\"alu-lamellen-rahmen-z\" width=\"150\" height=\"170\" srcset=\"https:\/\/trial-alulamellen.de\/wp-content\/uploads\/2016\/04\/alu-lamellen-rahmen-z-265x300.png 265w, https:\/\/trial-alulamellen.de\/wp-content\/uploads\/2016\/04\/alu-lamellen-rahmen-z.png 600w\" sizes=\"auto, (max-width: 150px) 100vw, 150px\" \/>TYP Z &#8211; fl\u00e4chenb\u00fcndiger Einbau in Mauer\u00f6ffnungen<\/a><\/h3>\n<p>Die Ausf\u00fchrung mit einem umlaufenden \u201eZ-Rahmen\u201c erlaubt einen fast fl\u00e4chenb\u00fcndigen Einbau (Auftrag 5 mm) des Lamellengitters in Mauer\u00f6ffnungen, wobei bei einer m\u00f6glichen Montage mit Mauerankern keinerlei Befestigungselemente wie Schrauben, Bolzen o. \u00e4. von au\u00dfen sichtbar sind.<\/p>\n<p>Der zur\u00fcckversetzte Einbau in das Mauerwerk ist durch eine gek\u00fcrzte Rahmenvariante in gleicher Weise zu verwirklichen, dabei bleibt optisch ein eleganter, schmaler umlaufender Rahmen erhalten. Es sind Lamellenteilungen von 45, 60, 75 oder 125 mm m\u00f6glich, auch Sonderausf\u00fchrungen mit Zwischenma\u00dfen in 5 mm- Abstufung sind machbar. Die Lamellen sind wahlweise mit dem Rahmen fl\u00e4chenb\u00fcndig oder auch, je nach Anforderung, vorstehend oder zur\u00fcckversetzt zum Rahmen ausf\u00fchrbar.<\/p>\n<p>Die unterste Lamelle kann als Tropfkante vorstehend ausgebildet werden. Die Versionen mit 75 mm und 125 mm Lamellenteilung bieten sich speziell f\u00fcr gr\u00f6\u00dfere Gitterabmessungen an. Bei Bedarf sorgt eine in das Rahmenprofil integrierte Lippendichtung f\u00fcr den Abschluss gegen das Mauerwerk. Eine nachtr\u00e4gliche dauerelastische Versiegelung kann damit entfallen.<\/p>\n<\/div>\n<p>[\/et_pb_text][\/et_pb_column][\/et_pb_row][et_pb_row admin_label=&#8220;row&#8220; _builder_version=&#8220;4.7.7&#8243; background_size=&#8220;initial&#8220; background_position=&#8220;top_left&#8220; background_repeat=&#8220;repeat&#8220; width=&#8220;100%&#8220; custom_margin=&#8220;30px|0px|0px|0px|false|true&#8220; custom_padding=&#8220;0px|20px|0px|20px|true|true&#8220; hover_enabled=&#8220;0&#8243; sticky_enabled=&#8220;0&#8243;][et_pb_column type=&#8220;4_4&#8243; _builder_version=&#8220;3.25&#8243; custom_padding=&#8220;|||&#8220; custom_padding__hover=&#8220;|||&#8220;][et_pb_text admin_label=&#8220;Text&#8220; _builder_version=&#8220;4.7.7&#8243; header_3_font_size=&#8220;26px&#8220; background_size=&#8220;initial&#8220; background_position=&#8220;top_left&#8220; background_repeat=&#8220;repeat&#8220;]<\/p>\n<div class=\"tinymcewysiwyg\">\n<h3><a href=\"https:\/\/trial-alulamellen.de\/?page_id=65\"><img loading=\"lazy\" decoding=\"async\" class=\"alignright wp-image-182\" src=\"https:\/\/trial-alulamellen.de\/wp-content\/uploads\/2016\/04\/alu-lamellen-rahmen-k-244x300.png\" alt=\"alu-lamellen-rahmen-k\" width=\"150\" height=\"184\" srcset=\"https:\/\/trial-alulamellen.de\/wp-content\/uploads\/2016\/04\/alu-lamellen-rahmen-k-244x300.png 244w, https:\/\/trial-alulamellen.de\/wp-content\/uploads\/2016\/04\/alu-lamellen-rahmen-k.png 400w\" sizes=\"auto, (max-width: 150px) 100vw, 150px\" \/>TYP K &#8211; Kastenrahmen Fenster- oder Fassadenkonstruktionen<\/a><\/h3>\n<p>Die Hauptanwendung des Kastenrahmens (Kammerma\u00df 26 mm) ist der Einbau des Lamellengitters in Fenster- oder Fassadenkonstruktionen analog einer Isolierverglasung oder eines Paneels. Allerdings ist wie beim Typ Z der Einbau des Gitters in Mauerleibungen frontal oder zur\u00fcckversetzt m\u00f6glich.<\/p>\n<p>Die Lamellen haben ebenfalls wahlweise eine Teilung von 45, 60, 75 oder 125 mm und k\u00f6nnen vorstehend oder mit dem Rahmen abschlie\u00dfend ausgef\u00fchrt werden. Dadurch kann das Gitter ideal der Fassadenebene angepasst werden.<\/p>\n<\/div>\n<p>[\/et_pb_text][\/et_pb_column][\/et_pb_row][et_pb_row admin_label=&#8220;row&#8220; _builder_version=&#8220;4.7.7&#8243; background_size=&#8220;initial&#8220; background_position=&#8220;top_left&#8220; background_repeat=&#8220;repeat&#8220; width=&#8220;100%&#8220; custom_margin=&#8220;30px|0px|0px|0px|false|true&#8220; custom_padding=&#8220;0px|20px|0px|20px|true|true&#8220; hover_enabled=&#8220;0&#8243; sticky_enabled=&#8220;0&#8243;][et_pb_column type=&#8220;4_4&#8243; _builder_version=&#8220;3.25&#8243; custom_padding=&#8220;|||&#8220; custom_padding__hover=&#8220;|||&#8220;][et_pb_text admin_label=&#8220;Text&#8220; _builder_version=&#8220;4.7.7&#8243; header_3_font_size=&#8220;26px&#8220; background_size=&#8220;initial&#8220; background_position=&#8220;top_left&#8220; background_repeat=&#8220;repeat&#8220; hover_enabled=&#8220;0&#8243; sticky_enabled=&#8220;0&#8243;]<\/p>\n<div class=\"tinymcewysiwyg\">\n<h3><a href=\"https:\/\/trial-alulamellen.de\/?page_id=71\"><img loading=\"lazy\" decoding=\"async\" class=\"alignright wp-image-183\" src=\"https:\/\/trial-alulamellen.de\/wp-content\/uploads\/2016\/04\/alu-lamellen-rahmen-rk-236x300.png\" alt=\"alu-lamellen-rahmen-rk\" width=\"150\" height=\"191\" srcset=\"https:\/\/trial-alulamellen.de\/wp-content\/uploads\/2016\/04\/alu-lamellen-rahmen-rk-236x300.png 236w, https:\/\/trial-alulamellen.de\/wp-content\/uploads\/2016\/04\/alu-lamellen-rahmen-rk.png 400w\" sizes=\"auto, (max-width: 150px) 100vw, 150px\" \/>TYP R &#8211; rahmenlos als L\u00fcftungsgitter oder Gestaltungselement<\/a><\/h3>\n<p>Die rahmenlose Ausf\u00fchrung des Lamellengitters mit Lamellenteilungen von 45, 60, 75 oder 125 mm kann wiederum in verschiedenen Varianten in Mauerleibungen erfolgen. Die reine Lamellenoptik erlaubt zudem die attraktive Verkleidung und damit Aufwertung unansehnlicher oder langweiliger Fassaden.<\/p>\n<p>Dabei kann das Gitter als reines optisches Gestaltungselement, aber auch gleichzeitig als L\u00fcftungsgitter fungieren. Selbst an den Eckst\u00f6\u00dfen st\u00f6ren keine sichtbaren Montage- oder Befestigungselemente die makellose Optik. Weiterhin k\u00f6nnen aufgrund des konstruktiven Aufbaus Lamellen ausgelassen und sogar die verschiedenen Teilungen miteinander kombiniert werden.<\/p>\n<\/div>\n<p>[\/et_pb_text][\/et_pb_column][\/et_pb_row][et_pb_row admin_label=&#8220;row&#8220; _builder_version=&#8220;4.7.7&#8243; background_size=&#8220;initial&#8220; background_position=&#8220;top_left&#8220; background_repeat=&#8220;repeat&#8220; width=&#8220;100%&#8220; custom_margin=&#8220;30px|0px|0px|0px|false|true&#8220; custom_padding=&#8220;0px|20px|0px|20px|true|true&#8220; hover_enabled=&#8220;0&#8243; sticky_enabled=&#8220;0&#8243;][et_pb_column type=&#8220;4_4&#8243; _builder_version=&#8220;3.25&#8243; custom_padding=&#8220;|||&#8220; custom_padding__hover=&#8220;|||&#8220;][et_pb_text admin_label=&#8220;Text&#8220; _builder_version=&#8220;4.7.7&#8243; header_3_font_size=&#8220;26px&#8220; background_size=&#8220;initial&#8220; background_position=&#8220;top_left&#8220; background_repeat=&#8220;repeat&#8220; hover_enabled=&#8220;0&#8243; sticky_enabled=&#8220;0&#8243;]<\/p>\n<div class=\"tinymcewysiwyg\">\n<h3><a href=\"https:\/\/trial-alulamellen.de\/?page_id=73\">TYP RK &#8211; Erg\u00e4nzung als hinterl\u00fcftete Fassade<\/a><\/h3>\n<p>Erg\u00e4nzend zu Typ R ist die Variante RK f\u00fcr die Montage als hinterl\u00fcftete Fassade vor Beton bzw. Mauerwerk konzipiert. Die Bautiefe kann durch die Auswahl der unterschiedlichen Konsolen variabel gestaltet werden.<\/p>\n<\/div>\n<p>[\/et_pb_text][\/et_pb_column][\/et_pb_row][\/et_pb_section]<\/p>\n","protected":false},"excerpt":{"rendered":"<p>[et_pb_section fb_built=&#8220;1&#8243; admin_label=&#8220;section&#8220; _builder_version=&#8220;4.7.7&#8243; custom_margin=&#8220;0px|0px|0px|0px|true|true&#8220; custom_padding=&#8220;0px|0px|0px|0px|true|true&#8220;][et_pb_row admin_label=&#8220;row&#8220; _builder_version=&#8220;4.7.7&#8243; background_size=&#8220;initial&#8220; background_position=&#8220;top_left&#8220; background_repeat=&#8220;repeat&#8220; width=&#8220;100%&#8220; custom_margin=&#8220;0px|0px|0px|0px|true|true&#8220; custom_padding=&#8220;30px|20px|30px|20px|true|true&#8220;][et_pb_column type=&#8220;4_4&#8243; _builder_version=&#8220;3.25&#8243; custom_padding=&#8220;|||&#8220; custom_padding__hover=&#8220;|||&#8220;][et_pb_text _builder_version=&#8220;4.7.7&#8243; _module_preset=&#8220;default&#8220;] Unsere Lamellengittersysteme &#8211; Typen [\/et_pb_text][\/et_pb_column][\/et_pb_row][et_pb_row admin_label=&#8220;row&#8220; _builder_version=&#8220;4.7.7&#8243; background_size=&#8220;initial&#8220; background_position=&#8220;top_left&#8220; background_repeat=&#8220;repeat&#8220; width=&#8220;100%&#8220; custom_margin=&#8220;0px|0px|0px|0px|true|true&#8220; custom_padding=&#8220;0px|20px|0px|20px|true|true&#8220;][et_pb_column type=&#8220;4_4&#8243; _builder_version=&#8220;3.25&#8243; custom_padding=&#8220;|||&#8220; custom_padding__hover=&#8220;|||&#8220;][et_pb_text admin_label=&#8220;Text&#8220; _builder_version=&#8220;4.7.7&#8243; header_3_font_size=&#8220;26px&#8220; background_size=&#8220;initial&#8220; background_position=&#8220;top_left&#8220; background_repeat=&#8220;repeat&#8220;] TYP Z &#8211; fl\u00e4chenb\u00fcndiger Einbau in Mauer\u00f6ffnungen Die Ausf\u00fchrung mit einem umlaufenden [&hellip;]<\/p>\n","protected":false},"author":2,"featured_media":0,"parent":0,"menu_order":30,"comment_status":"closed","ping_status":"closed","template":"","meta":{"_et_pb_use_builder":"on","_et_pb_old_content":"<h1>Unsere Lamellengittersysteme - Typen<\/h1>\r\n<div class=\"tinymcewysiwyg\">\r\n<h2><a href=\"https:\/\/trial-alulamellen.de\/?page_id=63\"><img class=\"alignright wp-image-184\" src=\"https:\/\/trial-alulamellen.de\/wp-content\/uploads\/2016\/04\/alu-lamellen-rahmen-z-265x300.png\" alt=\"alu-lamellen-rahmen-z\" width=\"150\" height=\"170\" \/>TYP Z - fl\u00e4chenb\u00fcndiger Einbau in Mauer\u00f6ffnungen<\/a><\/h2>\r\nDie Ausf\u00fchrung mit einem umlaufenden \u201eZ-Rahmen\u201c erlaubt einen fast fl\u00e4chenb\u00fcndigen Einbau (Auftrag 5 mm) des Lamellengitters in Mauer\u00f6ffnungen, wobei bei einer m\u00f6glichen Montage mit Mauerankern keinerlei Befestigungselemente wie Schrauben, Bolzen o. \u00e4. von au\u00dfen sichtbar sind.\r\n\r\nDer zur\u00fcckversetzte Einbau in das Mauerwerk ist durch eine gek\u00fcrzte Rahmenvariante in gleicher Weise zu verwirklichen, dabei bleibt optisch ein eleganter, schmaler umlaufender Rahmen erhalten. Es sind Lamellenteilungen von 45, 60, 75 oder 125 mm m\u00f6glich, auch Sonderausf\u00fchrungen mit Zwischenma\u00dfen in 5 mm- Abstufung sind machbar. Die Lamellen sind wahlweise mit dem Rahmen fl\u00e4chenb\u00fcndig oder auch, je nach Anforderung, vorstehend oder zur\u00fcckversetzt zum Rahmen ausf\u00fchrbar.\r\n\r\nDie unterste Lamelle kann als Tropfkante vorstehend ausgebildet werden. Die Versionen mit 75 mm und 125 mm Lamellenteilung bieten sich speziell f\u00fcr gr\u00f6\u00dfere Gitterabmessungen an. Bei Bedarf sorgt eine in das Rahmenprofil integrierte Lippendichtung f\u00fcr den Abschluss gegen das Mauerwerk. Eine nachtr\u00e4gliche dauerelastische Versiegelung kann damit entfallen.\r\n<h2><a href=\"https:\/\/trial-alulamellen.de\/?page_id=65\"><img class=\"alignright wp-image-182\" src=\"https:\/\/trial-alulamellen.de\/wp-content\/uploads\/2016\/04\/alu-lamellen-rahmen-k-244x300.png\" alt=\"alu-lamellen-rahmen-k\" width=\"150\" height=\"184\" \/>TYP K - Kastenrahmen Fenster- oder Fassadenkonstruktionen<\/a><\/h2>\r\nDie Hauptanwendung des Kastenrahmens (Kammerma\u00df 26 mm) ist der Einbau des Lamellengitters in Fenster- oder Fassadenkonstruktionen analog einer Isolierverglasung oder eines Paneels. Allerdings ist wie beim Typ Z der Einbau des Gitters in Mauerleibungen frontal oder zur\u00fcckversetzt m\u00f6glich.\r\n\r\nDie Lamellen haben ebenfalls wahlweise eine Teilung von 45, 60, 75 oder 125 mm und k\u00f6nnen vorstehend oder mit dem Rahmen abschlie\u00dfend ausgef\u00fchrt werden. Dadurch kann das Gitter ideal der Fassadenebene angepasst werden.\r\n\r\n&nbsp;\r\n<h2><a href=\"https:\/\/trial-alulamellen.de\/?page_id=71\"><img class=\"alignright wp-image-183\" src=\"https:\/\/trial-alulamellen.de\/wp-content\/uploads\/2016\/04\/alu-lamellen-rahmen-rk-236x300.png\" alt=\"alu-lamellen-rahmen-rk\" width=\"150\" height=\"191\" \/>TYP R - rahmenlos als L\u00fcftungsgitter oder Gestaltungselement<\/a><\/h2>\r\nDie rahmenlose Ausf\u00fchrung des Lamellengitters mit Lamellenteilungen von 45, 60, 75 oder 125 mm kann wiederum in verschiedenen Varianten in Mauerleibungen erfolgen. Die reine Lamellenoptik erlaubt zudem die attraktive Verkleidung und damit Aufwertung unansehnlicher oder langweiliger Fassaden.\r\n\r\nDabei kann das Gitter als reines optisches Gestaltungselement, aber auch gleichzeitig als L\u00fcftungsgitter fungieren. Selbst an den Eckst\u00f6\u00dfen st\u00f6ren keine sichtbaren Montage- oder Befestigungselemente die makellose Optik. Weiterhin k\u00f6nnen aufgrund des konstruktiven Aufbaus Lamellen ausgelassen und sogar die verschiedenen Teilungen miteinander kombiniert werden.\r\n<h2><a href=\"https:\/\/trial-alulamellen.de\/?page_id=73\">TYP RK - Erg\u00e4nzung als hinterl\u00fcftete Fassade<\/a><\/h2>\r\nErg\u00e4nzend zu Typ R ist die Variante RK f\u00fcr die Montage als hinterl\u00fcftete Fassade vor Beton bzw. Mauerwerk konzipiert. Die Bautiefe kann durch die Auswahl der unterschiedlichen Konsolen variabel gestaltet werden.\r\n\r\n<\/div>","_et_gb_content_width":"","ngg_post_thumbnail":0,"footnotes":""},"class_list":["post-12","page","type-page","status-publish","hentry"],"yoast_head":"<!-- This site is optimized with the Yoast SEO plugin v26.8 - https:\/\/yoast.com\/product\/yoast-seo-wordpress\/ -->\n<title>Produkte - TriAl - Alulamellensysteme \u00b7 L\u00fcftungsgitter, Wetterschutz, Sonnenschutz, Fassadengestaltung u.v.m.<\/title>\n<meta name=\"robots\" content=\"index, follow, max-snippet:-1, max-image-preview:large, max-video-preview:-1\" \/>\n<link rel=\"canonical\" href=\"https:\/\/trial-alulamellen.de\/?page_id=12\" \/>\n<meta property=\"og:locale\" content=\"de_DE\" \/>\n<meta property=\"og:type\" content=\"article\" \/>\n<meta property=\"og:title\" content=\"Produkte - TriAl - Alulamellensysteme \u00b7 L\u00fcftungsgitter, Wetterschutz, Sonnenschutz, Fassadengestaltung u.v.m.\" \/>\n<meta property=\"og:description\" content=\"[et_pb_section fb_built=&#8220;1&#8243; admin_label=&#8220;section&#8220; _builder_version=&#8220;4.7.7&#8243; custom_margin=&#8220;0px|0px|0px|0px|true|true&#8220; custom_padding=&#8220;0px|0px|0px|0px|true|true&#8220;][et_pb_row admin_label=&#8220;row&#8220; _builder_version=&#8220;4.7.7&#8243; background_size=&#8220;initial&#8220; background_position=&#8220;top_left&#8220; background_repeat=&#8220;repeat&#8220; width=&#8220;100%&#8220; custom_margin=&#8220;0px|0px|0px|0px|true|true&#8220; custom_padding=&#8220;30px|20px|30px|20px|true|true&#8220;][et_pb_column type=&#8220;4_4&#8243; _builder_version=&#8220;3.25&#8243; custom_padding=&#8220;|||&#8220; custom_padding__hover=&#8220;|||&#8220;][et_pb_text _builder_version=&#8220;4.7.7&#8243; _module_preset=&#8220;default&#8220;] Unsere Lamellengittersysteme &#8211; Typen [\/et_pb_text][\/et_pb_column][\/et_pb_row][et_pb_row admin_label=&#8220;row&#8220; _builder_version=&#8220;4.7.7&#8243; background_size=&#8220;initial&#8220; background_position=&#8220;top_left&#8220; background_repeat=&#8220;repeat&#8220; width=&#8220;100%&#8220; custom_margin=&#8220;0px|0px|0px|0px|true|true&#8220; custom_padding=&#8220;0px|20px|0px|20px|true|true&#8220;][et_pb_column type=&#8220;4_4&#8243; _builder_version=&#8220;3.25&#8243; custom_padding=&#8220;|||&#8220; custom_padding__hover=&#8220;|||&#8220;][et_pb_text admin_label=&#8220;Text&#8220; _builder_version=&#8220;4.7.7&#8243; header_3_font_size=&#8220;26px&#8220; background_size=&#8220;initial&#8220; background_position=&#8220;top_left&#8220; background_repeat=&#8220;repeat&#8220;] TYP Z &#8211; fl\u00e4chenb\u00fcndiger Einbau in Mauer\u00f6ffnungen Die Ausf\u00fchrung mit einem umlaufenden [&hellip;]\" \/>\n<meta property=\"og:url\" content=\"https:\/\/trial-alulamellen.de\/?page_id=12\" \/>\n<meta property=\"og:site_name\" content=\"TriAl - Alulamellensysteme \u00b7 L\u00fcftungsgitter, Wetterschutz, Sonnenschutz, Fassadengestaltung u.v.m.\" \/>\n<meta property=\"article:modified_time\" content=\"2023-02-17T09:09:44+00:00\" \/>\n<meta property=\"og:image\" content=\"https:\/\/trial-alulamellen.de\/wp-content\/uploads\/2016\/04\/alu-lamellen-rahmen-z-265x300.png\" \/>\n<meta name=\"twitter:card\" content=\"summary_large_image\" \/>\n<meta name=\"twitter:label1\" content=\"Gesch\u00e4tzte Lesezeit\" \/>\n\t<meta name=\"twitter:data1\" content=\"4\u00a0Minuten\" \/>\n<script type=\"application\/ld+json\" class=\"yoast-schema-graph\">{\"@context\":\"https:\/\/schema.org\",\"@graph\":[{\"@type\":\"WebPage\",\"@id\":\"https:\/\/trial-alulamellen.de\/?page_id=12\",\"url\":\"https:\/\/trial-alulamellen.de\/?page_id=12\",\"name\":\"Produkte - TriAl - Alulamellensysteme \u00b7 L\u00fcftungsgitter, Wetterschutz, Sonnenschutz, Fassadengestaltung u.v.m.\",\"isPartOf\":{\"@id\":\"https:\/\/trial-alulamellen.de\/#website\"},\"primaryImageOfPage\":{\"@id\":\"https:\/\/trial-alulamellen.de\/?page_id=12#primaryimage\"},\"image\":{\"@id\":\"https:\/\/trial-alulamellen.de\/?page_id=12#primaryimage\"},\"thumbnailUrl\":\"https:\/\/trial-alulamellen.de\/wp-content\/uploads\/2016\/04\/alu-lamellen-rahmen-z-265x300.png\",\"datePublished\":\"2015-09-24T12:51:05+00:00\",\"dateModified\":\"2023-02-17T09:09:44+00:00\",\"breadcrumb\":{\"@id\":\"https:\/\/trial-alulamellen.de\/?page_id=12#breadcrumb\"},\"inLanguage\":\"de\",\"potentialAction\":[{\"@type\":\"ReadAction\",\"target\":[\"https:\/\/trial-alulamellen.de\/?page_id=12\"]}]},{\"@type\":\"ImageObject\",\"inLanguage\":\"de\",\"@id\":\"https:\/\/trial-alulamellen.de\/?page_id=12#primaryimage\",\"url\":\"https:\/\/trial-alulamellen.de\/wp-content\/uploads\/2016\/04\/alu-lamellen-rahmen-z.png\",\"contentUrl\":\"https:\/\/trial-alulamellen.de\/wp-content\/uploads\/2016\/04\/alu-lamellen-rahmen-z.png\",\"width\":600,\"height\":679,\"caption\":\"SIMOTriAL - Alu Lamellen Rahmen Z\"},{\"@type\":\"BreadcrumbList\",\"@id\":\"https:\/\/trial-alulamellen.de\/?page_id=12#breadcrumb\",\"itemListElement\":[{\"@type\":\"ListItem\",\"position\":1,\"name\":\"Startseite\",\"item\":\"https:\/\/trial-alulamellen.de\/\"},{\"@type\":\"ListItem\",\"position\":2,\"name\":\"Produkte\"}]},{\"@type\":\"WebSite\",\"@id\":\"https:\/\/trial-alulamellen.de\/#website\",\"url\":\"https:\/\/trial-alulamellen.de\/\",\"name\":\"TriAl - Alulamellensysteme \u00b7 L\u00fcftungsgitter, Wetterschutz, Sonnenschutz, Fassadengestaltung u.v.m.\",\"description\":\"\",\"potentialAction\":[{\"@type\":\"SearchAction\",\"target\":{\"@type\":\"EntryPoint\",\"urlTemplate\":\"https:\/\/trial-alulamellen.de\/?s={search_term_string}\"},\"query-input\":{\"@type\":\"PropertyValueSpecification\",\"valueRequired\":true,\"valueName\":\"search_term_string\"}}],\"inLanguage\":\"de\"}]}<\/script>\n<!-- \/ Yoast SEO plugin. -->","yoast_head_json":{"title":"Produkte - TriAl - Alulamellensysteme \u00b7 L\u00fcftungsgitter, Wetterschutz, Sonnenschutz, Fassadengestaltung u.v.m.","robots":{"index":"index","follow":"follow","max-snippet":"max-snippet:-1","max-image-preview":"max-image-preview:large","max-video-preview":"max-video-preview:-1"},"canonical":"https:\/\/trial-alulamellen.de\/?page_id=12","og_locale":"de_DE","og_type":"article","og_title":"Produkte - TriAl - Alulamellensysteme \u00b7 L\u00fcftungsgitter, Wetterschutz, Sonnenschutz, Fassadengestaltung u.v.m.","og_description":"[et_pb_section fb_built=&#8220;1&#8243; admin_label=&#8220;section&#8220; _builder_version=&#8220;4.7.7&#8243; custom_margin=&#8220;0px|0px|0px|0px|true|true&#8220; custom_padding=&#8220;0px|0px|0px|0px|true|true&#8220;][et_pb_row admin_label=&#8220;row&#8220; _builder_version=&#8220;4.7.7&#8243; background_size=&#8220;initial&#8220; background_position=&#8220;top_left&#8220; background_repeat=&#8220;repeat&#8220; width=&#8220;100%&#8220; custom_margin=&#8220;0px|0px|0px|0px|true|true&#8220; custom_padding=&#8220;30px|20px|30px|20px|true|true&#8220;][et_pb_column type=&#8220;4_4&#8243; _builder_version=&#8220;3.25&#8243; custom_padding=&#8220;|||&#8220; custom_padding__hover=&#8220;|||&#8220;][et_pb_text _builder_version=&#8220;4.7.7&#8243; _module_preset=&#8220;default&#8220;] Unsere Lamellengittersysteme &#8211; Typen [\/et_pb_text][\/et_pb_column][\/et_pb_row][et_pb_row admin_label=&#8220;row&#8220; _builder_version=&#8220;4.7.7&#8243; background_size=&#8220;initial&#8220; background_position=&#8220;top_left&#8220; background_repeat=&#8220;repeat&#8220; width=&#8220;100%&#8220; custom_margin=&#8220;0px|0px|0px|0px|true|true&#8220; custom_padding=&#8220;0px|20px|0px|20px|true|true&#8220;][et_pb_column type=&#8220;4_4&#8243; _builder_version=&#8220;3.25&#8243; custom_padding=&#8220;|||&#8220; custom_padding__hover=&#8220;|||&#8220;][et_pb_text admin_label=&#8220;Text&#8220; _builder_version=&#8220;4.7.7&#8243; header_3_font_size=&#8220;26px&#8220; background_size=&#8220;initial&#8220; background_position=&#8220;top_left&#8220; background_repeat=&#8220;repeat&#8220;] TYP Z &#8211; fl\u00e4chenb\u00fcndiger Einbau in Mauer\u00f6ffnungen Die Ausf\u00fchrung mit einem umlaufenden [&hellip;]","og_url":"https:\/\/trial-alulamellen.de\/?page_id=12","og_site_name":"TriAl - Alulamellensysteme \u00b7 L\u00fcftungsgitter, Wetterschutz, Sonnenschutz, Fassadengestaltung u.v.m.","article_modified_time":"2023-02-17T09:09:44+00:00","og_image":[{"url":"https:\/\/trial-alulamellen.de\/wp-content\/uploads\/2016\/04\/alu-lamellen-rahmen-z-265x300.png","type":"","width":"","height":""}],"twitter_card":"summary_large_image","twitter_misc":{"Gesch\u00e4tzte Lesezeit":"4\u00a0Minuten"},"schema":{"@context":"https:\/\/schema.org","@graph":[{"@type":"WebPage","@id":"https:\/\/trial-alulamellen.de\/?page_id=12","url":"https:\/\/trial-alulamellen.de\/?page_id=12","name":"Produkte - TriAl - Alulamellensysteme \u00b7 L\u00fcftungsgitter, Wetterschutz, Sonnenschutz, Fassadengestaltung u.v.m.","isPartOf":{"@id":"https:\/\/trial-alulamellen.de\/#website"},"primaryImageOfPage":{"@id":"https:\/\/trial-alulamellen.de\/?page_id=12#primaryimage"},"image":{"@id":"https:\/\/trial-alulamellen.de\/?page_id=12#primaryimage"},"thumbnailUrl":"https:\/\/trial-alulamellen.de\/wp-content\/uploads\/2016\/04\/alu-lamellen-rahmen-z-265x300.png","datePublished":"2015-09-24T12:51:05+00:00","dateModified":"2023-02-17T09:09:44+00:00","breadcrumb":{"@id":"https:\/\/trial-alulamellen.de\/?page_id=12#breadcrumb"},"inLanguage":"de","potentialAction":[{"@type":"ReadAction","target":["https:\/\/trial-alulamellen.de\/?page_id=12"]}]},{"@type":"ImageObject","inLanguage":"de","@id":"https:\/\/trial-alulamellen.de\/?page_id=12#primaryimage","url":"https:\/\/trial-alulamellen.de\/wp-content\/uploads\/2016\/04\/alu-lamellen-rahmen-z.png","contentUrl":"https:\/\/trial-alulamellen.de\/wp-content\/uploads\/2016\/04\/alu-lamellen-rahmen-z.png","width":600,"height":679,"caption":"SIMOTriAL - Alu Lamellen Rahmen Z"},{"@type":"BreadcrumbList","@id":"https:\/\/trial-alulamellen.de\/?page_id=12#breadcrumb","itemListElement":[{"@type":"ListItem","position":1,"name":"Startseite","item":"https:\/\/trial-alulamellen.de\/"},{"@type":"ListItem","position":2,"name":"Produkte"}]},{"@type":"WebSite","@id":"https:\/\/trial-alulamellen.de\/#website","url":"https:\/\/trial-alulamellen.de\/","name":"TriAl - Alulamellensysteme \u00b7 L\u00fcftungsgitter, Wetterschutz, Sonnenschutz, Fassadengestaltung u.v.m.","description":"","potentialAction":[{"@type":"SearchAction","target":{"@type":"EntryPoint","urlTemplate":"https:\/\/trial-alulamellen.de\/?s={search_term_string}"},"query-input":{"@type":"PropertyValueSpecification","valueRequired":true,"valueName":"search_term_string"}}],"inLanguage":"de"}]}},"_links":{"self":[{"href":"https:\/\/trial-alulamellen.de\/index.php?rest_route=\/wp\/v2\/pages\/12","targetHints":{"allow":["GET"]}}],"collection":[{"href":"https:\/\/trial-alulamellen.de\/index.php?rest_route=\/wp\/v2\/pages"}],"about":[{"href":"https:\/\/trial-alulamellen.de\/index.php?rest_route=\/wp\/v2\/types\/page"}],"author":[{"embeddable":true,"href":"https:\/\/trial-alulamellen.de\/index.php?rest_route=\/wp\/v2\/users\/2"}],"replies":[{"embeddable":true,"href":"https:\/\/trial-alulamellen.de\/index.php?rest_route=%2Fwp%2Fv2%2Fcomments&post=12"}],"version-history":[{"count":25,"href":"https:\/\/trial-alulamellen.de\/index.php?rest_route=\/wp\/v2\/pages\/12\/revisions"}],"predecessor-version":[{"id":551,"href":"https:\/\/trial-alulamellen.de\/index.php?rest_route=\/wp\/v2\/pages\/12\/revisions\/551"}],"wp:attachment":[{"href":"https:\/\/trial-alulamellen.de\/index.php?rest_route=%2Fwp%2Fv2%2Fmedia&parent=12"}],"curies":[{"name":"wp","href":"https:\/\/api.w.org\/{rel}","templated":true}]}}